{"id":617,"date":"2025-10-17T12:39:25","date_gmt":"2025-10-17T12:39:25","guid":{"rendered":"https:\/\/www.gpn33.org\/?page_id=617"},"modified":"2025-10-17T13:26:37","modified_gmt":"2025-10-17T13:26:37","slug":"discipleship-and-prayer","status":"publish","type":"page","link":"https:\/\/www.gpn33.org\/de\/discipleship-and-prayer\/","title":{"rendered":"J\u00fcngerschaft und Gebet"},"content":{"rendered":"<div class=\"wp-block-buttons is-layout-flex wp-block-buttons-is-layout-flex\">\n<div class=\"wp-block-button\"><a class=\"wp-block-button__link wp-element-button\" href=\"https:\/\/110cities.com\/wp-content\/uploads\/2025\/10\/Discipleship-and-Prayer-Dr-Jason-Hubbard.pdf\" target=\"_blank\" rel=\"noreferrer noopener\">DIESEN ARTIKEL HERUNTERLADEN (ENGLISCHES PDF)<\/a><\/div>\n<\/div>\n\n\n\n<p>Montag 20<sup>th<\/sup> Im Oktober 2025 wird unser 3.<sup>rd<\/sup> j\u00e4hrlich <strong><a href=\"https:\/\/www.gpn33.org\/de\/day-of-prayer-for-hindu-world\/\">Weltweiter Gebetstag f\u00fcr die hinduistische Welt<\/a><\/strong>.<\/p>\n\n\n\n<p>Untersuchungen haben ergeben, dass 80 Prozent der Hindus, Buddhisten und Muslime keinen einzigen Christen kennen. Mit etwa 1,25 Milliarden Hindus weltweit ist der Hinduismus die drittgr\u00f6\u00dfte Religion der Welt - davon allein 1 Milliarde in Indien!&nbsp;<\/p>\n\n\n<div class=\"wp-block-image\">\n<figure class=\"alignright size-full\"><img loading=\"lazy\" decoding=\"async\" width=\"313\" height=\"313\" src=\"https:\/\/www.gpn33.org\/wp-content\/uploads\/2025\/10\/image002.jpg\" alt=\"\" class=\"wp-image-624\" srcset=\"https:\/\/www.gpn33.org\/wp-content\/uploads\/2025\/10\/image002.jpg 313w, https:\/\/www.gpn33.org\/wp-content\/uploads\/2025\/10\/image002-150x150.jpg 150w, https:\/\/www.gpn33.org\/wp-content\/uploads\/2025\/10\/image002-12x12.jpg 12w\" sizes=\"auto, (max-width: 313px) 100vw, 313px\" \/><\/figure>\n<\/div>\n\n\n<p>Da Jesus uns aufgerufen hat, alle V\u00f6lker zu J\u00fcngern zu machen, ist die verbleibende Aufgabe, die vor uns liegt, gewaltig, und sie muss mit dem Gebet beginnen! Wenn die Definition von Gebet Intimit\u00e4t mit Gott ist - der Gespr\u00e4chsteil der wichtigsten Liebesbeziehung in unserem Leben - dann ist das Ziel des Gebets die Erf\u00fcllung seiner Absichten!&nbsp;<\/p>\n\n\n\n<p>Gott hat beschlossen, seine Absichten durch die Gebete seines Volkes zu verwirklichen. Er hat das Gebet als den Kanal bestimmt, durch den er seinen Willen ausf\u00fchrt.<\/p>\n\n\n\n<p><strong>Einer der Schl\u00fcssel zu effektivem Gebet ist das Gebet f\u00fcr die Erf\u00fcllung des Missionsbefehls! <\/strong>&nbsp;<\/p>\n\n\n\n<p>Die Bibel misst der Rolle des Gebets im Missionsbefehl gro\u00dfe Bedeutung bei. Der Begriff \"Missionsbefehl\" bezieht sich auf den letzten Befehl Jesu an seine J\u00fcnger (und damit an die Kirche als Ganzes), w\u00e4hrend er physisch auf der Erde war.   Wir wollen beten, dass jeder Mensch und jede Familie \u00fcberall eine echte Begegnung mit dem Herrn Jesus Christus durch die Kraft und Gegenwart des Heiligen Geistes hat!  Und Jesus sagte deutlich, dass der effektivste Weg, dies zu tun - das Evangelium des Reiches Gottes in der ganzen Welt zu verk\u00fcnden - darin besteht, J\u00fcnger aus allen Nationen zu machen!&nbsp;<\/p>\n\n\n\n<p>Jesus befahl seinen J\u00fcngern, vom Berg Arbel - dem h\u00f6chsten Berg in Galil\u00e4a - aus zu gehen und alle V\u00f6lker zu J\u00fcngern zu machen. Das Matth\u00e4us-Evangelium erz\u00e4hlt uns, dass Jesus nach seiner Auferstehung seinen J\u00fcngern den Auftrag gab, auf den Berg in Galil\u00e4a zu gehen.<\/p>\n\n\n\n<p>Wenn man an einem klaren Tag auf dem Gipfel des Arbel steht, kann man kilometerweit sehen. Im Norden sieht man den Gipfel des Berges Hermon, des gr\u00f6\u00dften Berges Israels, der die Grenzen zwischen Libanon, Syrien und Israel \u00fcberragt. Im Osten sieht man die Golanh\u00f6hen, die schwarze, aus Basaltstein bestehende Bergkette, die Israel von den L\u00e4ndern Syrien und Jordanien trennt. Im S\u00fcden sieht man das fruchtbare Ackerland des Jezreel-Tals, das sich wie ein Flickenteppich auf dem Boden ausbreitet, bis es die sanften H\u00fcgel von Samaria erreicht. Und im Westen liegt die K\u00fcstenebene neben der antiken Stadt Caesarea Maritima, der von K\u00f6nig Herodes errichteten antiken Hafenstadt, von der aus der Apostel Paulus nach Rom segelte und das Evangelium in den Westen trug.<\/p>\n\n\n\n<p><strong>Jesus hatte eine Vision. <\/strong>eine Vision f\u00fcr eine weltweite Bewegung der Multiplikation.<\/p>\n\n\n\n<p><strong>Er rief seine J\u00fcnger auf, nicht nur \"J\u00fcnger zu machen\", sondern J\u00fcnger zu machen, die sich vermehren!<\/strong><\/p>\n\n\n\n<p><a href=\"https:\/\/youtu.be\/aKK9eAyr2H0\" target=\"_blank\" rel=\"noreferrer noopener\"><strong>Sehen Sie sich dieses Video an! - Die Kraft der Multiplikation<\/strong><\/a><\/p>\n\n\n\n<figure class=\"wp-block-embed is-type-video is-provider-youtube wp-block-embed-youtube wp-embed-aspect-16-9 wp-has-aspect-ratio\"><div class=\"wp-block-embed__wrapper\">\n<iframe loading=\"lazy\" title=\"Die Macht der Multiplikation\" width=\"500\" height=\"281\" src=\"https:\/\/www.youtube.com\/embed\/aKK9eAyr2H0?feature=oembed\" frameborder=\"0\" allow=\"accelerometer; autoplay; clipboard-write; encrypted-media; gyroscope; picture-in-picture; web-share\" referrerpolicy=\"strict-origin-when-cross-origin\" allowfullscreen><\/iframe>\n<\/div><\/figure>\n\n\n\n<p><strong>Matth\u00e4us 28:18-20<\/strong>Alle Macht im Himmel und auf Erden ist mir gegeben. Darum gehet hin und machet zu J\u00fcngern alle V\u00f6lker: Taufet sie auf den Namen des Vaters und des Sohnes und des Heiligen Geistes und lehret sie halten alles, was ich euch befohlen habe. Und siehe, ich bin bei euch alle Tage bis zur Vollendung des Zeitalters.<\/p>\n\n\n\n<p>In diesem Abschnitt sehen wir zun\u00e4chst, dass Jesus Vollmacht gegeben wird, und den zweiten Teil am Ende - \"Ich bin bei euch alle Tage bis zur Vollendung des Zeitalters\".<\/p>\n\n\n<div class=\"wp-block-image\">\n<figure class=\"alignright size-full\"><img loading=\"lazy\" decoding=\"async\" width=\"331\" height=\"331\" src=\"https:\/\/www.gpn33.org\/wp-content\/uploads\/2025\/10\/image004.jpg\" alt=\"\" class=\"wp-image-625\" srcset=\"https:\/\/www.gpn33.org\/wp-content\/uploads\/2025\/10\/image004.jpg 331w, https:\/\/www.gpn33.org\/wp-content\/uploads\/2025\/10\/image004-150x150.jpg 150w, https:\/\/www.gpn33.org\/wp-content\/uploads\/2025\/10\/image004-12x12.jpg 12w\" sizes=\"auto, (max-width: 331px) 100vw, 331px\" \/><\/figure>\n<\/div>\n\n\n<p>Wir konzentrieren uns oft auf das Gehen, auf das J\u00fcngermachen, auf das Taufen, auf das Lehren oder auf die Mechanismen der Gemeindegr\u00fcndung - aber Jesu Worte beginnen und enden mit ihm selbst - seiner Autorit\u00e4t und seiner Gegenwart!<\/p>\n\n\n\n<p>Jesus ist die zentrale Person und der brennende Kern des gro\u00dfen Auftrags - und wir verbinden uns mit ihm - seiner Autorit\u00e4t und seiner Gegenwart - durch das Gebet!<\/p>\n\n\n\n<p>Das Gebet ist der wichtigste Weg, den Gott uns gegeben hat, um die Hauptsache in der Hauptsache zu halten - Jesus selbst im Zentrum!  Jesus hat alle Autorit\u00e4t und er ist mit uns - das ist der Anfang und das Ende des Missionsbefehls!<\/p>\n\n\n\n<p><strong>Was ist die Definition eines J\u00fcngers?<\/strong><br>Das Wort J\u00fcnger bedeutet w\u00f6rtlich \"Anh\u00e4nger eines Meisters\".  Zur Zeit Christi war ein J\u00fcnger nicht einfach ein Lernender eines gro\u00dfen Lehrers (Rabbi), sondern ein Lehrling oder ein Nachahmer.  Jesus rief seine ersten J\u00fcnger auf, ihm zu folgen und die Dinge zu tun, die er tat, und die Dinge zu sagen, die er sagte!<\/p>\n\n\n\n<p>Eine einfache Definition eines J\u00fcngers w\u00e4re jemand, der zu Jesus gekommen ist, um das ewige Leben zu erlangen, der ihn als Retter und Gott beansprucht hat und ein Leben in seiner Nachfolge begonnen hat.<\/p>\n\n\n\n<p>Ein J\u00fcnger ist jemand, der Gott liebt, Menschen liebt und J\u00fcnger macht, die sich vermehren!&nbsp;<\/p>\n\n\n\n<h2 class=\"wp-block-heading\">Die 3 Zeichen eines J\u00fcngers:<\/h2>\n\n\n\n<p>Wir wollen J\u00fcnger sein und J\u00fcnger machen, die es wert sind, sich zu vermehren, und nach Jesu Worten sind die Kennzeichen eines J\u00fcngers dreifach:<\/p>\n\n\n\n<h3 class=\"wp-block-heading\">1. Bleibt in Gottes Wort, Johannes 8:31-32<\/h3>\n\n\n\n<p>\"Wenn ihr in meinem Wort bleibt, seid ihr wirklich meine J\u00fcnger, und ihr werdet die Wahrheit erkennen, und die Wahrheit wird euch frei machen.\"<\/p>\n\n\n\n<p>Das Gebet ist das Lebenselixier eines J\u00fcngers von Jesus!  Jesus war sich dar\u00fcber im Klaren, dass das H\u00f6ren auf ihn - das Bleiben in seinem Wort - der wichtigste Aspekt des Gebets ist. Das Wort Bleiben impliziert <strong><em>verbleibende<\/em><\/strong> in st\u00e4ndiger Gemeinschaft und Beziehung.&nbsp;<br><br>Das Gebet ist der gespr\u00e4chige Teil der wichtigsten Liebesbeziehung in unserem Leben!&nbsp;<\/p>\n\n\n\n<h3 class=\"wp-block-heading\">2. Liebt, wie Jesus liebt, Johannes 13:34-35<\/h3>\n\n\n\n<p>\"Ein neues Gebot gebe ich euch, dass ihr euch untereinander liebt: Wie ich euch geliebt habe, so sollt auch ihr einander lieben. Daran werden alle Menschen erkennen, dass ihr meine J\u00fcnger seid, wenn ihr einander liebt.\"<\/p>\n\n\n\n<p>Eine der ersten und wichtigsten Arten, wie wir lieben, wie Jesus liebt, ist das Gebet f\u00fcreinander!  Wir bitten Gott, f\u00fcr sie zu tun, was sie nicht f\u00fcr sich selbst tun k\u00f6nnen!<\/p>\n\n\n\n<h3 class=\"wp-block-heading\">3. Tr\u00e4gt Frucht, Johannes 15:7-8<\/h3>\n\n\n\n<p>\"Wenn ihr in mir bleibt und meine Worte in euch bleiben, dann bittet um alles, was ihr wollt, und es wird euch widerfahren.  Dadurch wird mein Vater verherrlicht, dass ihr viel Frucht bringt und euch so als meine J\u00fcnger erweist.<\/p>\n\n\n\n<p>Nach Jesu Worten bringen wir Frucht, indem wir im Gebet verharren und bitten. Dadurch wird der Vater verherrlicht und wir beweisen, dass wir seine J\u00fcnger sind. &nbsp;<\/p>\n\n\n\n<p>Einer der Schl\u00fcssel zur Erf\u00fcllung des Missionsbefehls ist das Gebet zum Herrn der Ernte um die Aussendung von Arbeitern!<\/p>\n\n\n\n<p>Er sagte zu ihnen: \"Die Ernte ist wirklich <em>ist<\/em> gro\u00dfartig, aber die Arbeiter <em>sind<\/em> wenige; darum bittet den Herrn der Ernte, dass er Arbeiter in seine Ernte aussende\" (Lk 10,2).<\/p>\n\n\n\n<p>Das in diesem Zusammenhang verwendete Wort f\u00fcr Gebet lautet <em>deomai<\/em>Das bedeutet verzweifeltes Gebet!   Jesus sagte, die Ernte ist reichlich, aber es gibt nur wenige Arbeiter - Deshalb: Betet - betet inbr\u00fcnstig, betet verzweifelt!<\/p>\n\n\n\n<p>Wenn Arbeiter hinausgehen, um das Evangelium des Reiches zu verk\u00fcnden, sto\u00dfen sie oft auf Widerstand.  Der Teufel hat geistliche Festungen \u00fcber V\u00f6lker, St\u00e4dte und Nationen errichtet. Paulus sagt uns, dass uns Waffen zur Kriegsf\u00fchrung gegeben wurden, um Festungen zu zerst\u00f6ren und einen Durchbruch zu erreichen. (2. Korinther 10,4-5).<\/p>\n\n\n\n<h2 class=\"wp-block-heading\">Kraft im Gebet des Wortes<\/h2>\n\n\n\n<p>Eine der m\u00e4chtigsten Waffen ist Gottes Wort, das Schwert des Geistes. Paulus befiehlt uns in Epheser 6, fest zu stehen, unsere R\u00fcstung durch den Glauben anzulegen und dann sein Wort durch das Gebet zu gebrauchen, indem wir zu jeder Zeit f\u00fcr alle V\u00f6lker mit allen Arten von Gebeten beten (Eph 6,10-19).&nbsp;<\/p>\n\n\n\n<p>Zun\u00e4chst beten wir und verk\u00fcnden die Vorherrschaft Jesu \u00fcber die V\u00f6lker und Regionen. &nbsp;<\/p>\n\n\n\n<p>Im Gebet bitten wir den Vater, den Feind, die F\u00fcrstent\u00fcmer und M\u00e4chte, die den Verstand der Ungl\u00e4ubigen verblendet haben, zu binden und zu z\u00fcgeln.<\/p>\n\n\n\n<p><strong>Wir beten um offene T\u00fcren, offene Himmel, offene Autobahnen und offene Flure, damit das Evangelium weitergegeben werden kann!<\/strong><\/p>\n\n\n\n<p>Wir bitten den Herrn, die Blindheit zu entfernen, die der Gott dieses Zeitalters \u00fcber die Ungl\u00e4ubigen gelegt hat, damit sie das Licht des Evangeliums im Antlitz Jesu sehen k\u00f6nnen!&nbsp;<\/p>\n\n\n\n<p>Wir bitten den Vater, uns von dem B\u00f6sen zu befreien, so wie Jesus gekommen ist, um die Werke des Teufels zu zerst\u00f6ren.<strong>.<\/strong> Wenn wir dem, der auf dem Thron sitzt, und dem Lamm unsere Anbetung und unseren Lobpreis darbringen, zerschmettert seine Gegenwart und sein Licht in unserer Mitte die geistliche Finsternis, und die Macht Gottes befreit Familien aus allen Glaubensrichtungen der Erde, damit sie mit ganzem Herzen Nachfolger von Jesus Christus werden!<\/p>\n\n\n\n<figure class=\"wp-block-image size-full\"><img loading=\"lazy\" decoding=\"async\" width=\"1080\" height=\"720\" src=\"https:\/\/www.gpn33.org\/wp-content\/uploads\/2025\/10\/Discipleship-and-Prayer-2.jpg\" alt=\"\" class=\"wp-image-622\" srcset=\"https:\/\/www.gpn33.org\/wp-content\/uploads\/2025\/10\/Discipleship-and-Prayer-2.jpg 1080w, https:\/\/www.gpn33.org\/wp-content\/uploads\/2025\/10\/Discipleship-and-Prayer-2-350x233.jpg 350w, https:\/\/www.gpn33.org\/wp-content\/uploads\/2025\/10\/Discipleship-and-Prayer-2-768x512.jpg 768w, https:\/\/www.gpn33.org\/wp-content\/uploads\/2025\/10\/Discipleship-and-Prayer-2-18x12.jpg 18w\" sizes=\"auto, (max-width: 1080px) 100vw, 1080px\" \/><\/figure>\n\n\n\n<p>Von den 90er Jahren bis heute haben wir eine gro\u00dfe Welle von Gottesdiensten und F\u00fcrbittgebeten erlebt!<\/p>\n\n\n\n<p>Die globale Gebetsbewegung hat eine bemerkenswerte Beschleunigung erfahren - die Koreaner haben jahrzehntelang im Morgengebet gerungen, M\u00e4rsche f\u00fcr Jesus fanden auf den Stra\u00dfen der ganzen Welt statt, der Weltgebetstag f\u00fcllte Stadien, Menschen gingen betend spazieren und beteten f\u00fcr einen Durchbruch in den Torst\u00e4dten der Welt, die indonesische Gebetsturmbewegung, die Leidenschaft und das Feuer der latein- und s\u00fcdamerikanischen Gebetstreffen, die n\u00e4chtlichen Gebetswachen mit Fasten auf dem gesamten afrikanischen Kontinent, die Gebetsbewegung in ganz China und vom Geist geleitete gemeinsame Gebetszeiten in ganz Indien zusammen mit dem neuen Ausdruck von H\u00e4usern des Gebets und der Anbetung, die in den Nationen explodieren, und heute \u00fcber hundert Millionen Gl\u00e4ubige im vereinten Gebet an vier globalen Gebetstagen jedes Jahr seit 2022!&nbsp;<\/p>\n\n\n\n<p>Und in dieser Zeit gab es erstaunliche Ergebnisse in den Missionsbewegungen in der ganzen Welt.<\/p>\n\n\n\n<p>Nach Angaben der f\u00fchrenden Missionsforscher sind die J\u00fcnger und Gemeinden in diesen Bewegungen exponentiell gewachsen, und zwar mit einer erstaunlichen Rate von 23 Prozent pro Jahr, also viel schneller als die Weltbev\u00f6lkerung. Die Gesamtzahl der J\u00fcnger in diesen Bewegungen hat sich alle 3,5 Jahre verdoppelt - ein Zeugnis f\u00fcr die Kraft der g\u00f6ttlichen Vermehrung durch Gebet.<\/p>\n\n\n<div class=\"wp-block-image\">\n<figure class=\"alignright size-full\"><img loading=\"lazy\" decoding=\"async\" width=\"231\" height=\"346\" src=\"https:\/\/www.gpn33.org\/wp-content\/uploads\/2025\/10\/image007.jpg\" alt=\"\" class=\"wp-image-626\" srcset=\"https:\/\/www.gpn33.org\/wp-content\/uploads\/2025\/10\/image007.jpg 231w, https:\/\/www.gpn33.org\/wp-content\/uploads\/2025\/10\/image007-8x12.jpg 8w\" sizes=\"auto, (max-width: 231px) 100vw, 231px\" \/><\/figure>\n<\/div>\n\n\n<h3 class=\"wp-block-heading\">Dieses globale Wachstum hat sich in vier verschiedenen Phasen vollzogen:<\/h3>\n\n\n\n<ul class=\"wp-block-list\">\n<li>Von 1995 bis 2000 - von 10.000 auf \u00fcber 100.000 Sch\u00fcler<\/li>\n\n\n\n<li>Von 2000 bis 2005 - von 100.000 auf \u00fcber 1 Million Sch\u00fcler<\/li>\n\n\n\n<li>Von 2005 bis 2015 - von 1 Million auf \u00fcber 10 Millionen<\/li>\n\n\n\n<li>Von 2015 bis 2024 - die Zahl \u00fcbersteigt 100 Millionen<\/li>\n<\/ul>\n\n\n\n<p>In dem Ma\u00dfe, wie das Christus verherrlichende, biblisch begr\u00fcndete, durch Anbetung gen\u00e4hrte, vom Geist geleitete und von der Liebe motivierte Gebet in den Nationen zunimmt, werden mehr J\u00fcnger gemacht, mehr Gemeinden gegr\u00fcndet, mehr Bibeln \u00fcbersetzt, mehr Zeichen, Wunder und Wundertaten vollbracht und mehr Gerechtigkeit f\u00fcr die Armen, die Ausgegrenzten, die Waisen und Witwen geschaffen!<\/p>\n\n\n\n<p>Also, auf der <strong><a href=\"https:\/\/www.gpn33.org\/de\/day-of-prayer-for-hindu-world\/\">Weltgebetstag f\u00fcr die hinduistische Welt<\/a><\/strong>Lasst uns unsere Gebete wie Weihrauch vor Gott erheben, der unermesslich mehr tun kann als alles, was wir je erbitten oder uns vorstellen k\u00f6nnen, zu seiner Ehre, zu unserer Freude und daf\u00fcr, dass viele Menschen in der ganzen hinduistischen Welt zur rettenden Erkenntnis Jesu kommen!\u00a0<\/p>\n\n\n\n<p><strong>Dr. Jason Hubbard - Direktor<br><\/strong><a href=\"https:\/\/www.linktr.ee\/ipcprayer\" target=\"_blank\" rel=\"noreferrer noopener\"><strong>Internationale Gebetsverbindung<\/strong><\/a><\/p>","protected":false},"excerpt":{"rendered":"<p>Am Montag, dem 20. Oktober 2025, findet unser 3. j\u00e4hrlicher Weltgebetstag f\u00fcr die hinduistische Welt statt. Untersuchungen haben ergeben, dass 80 Prozent der Hindus,...<\/p>","protected":false},"author":1,"featured_media":0,"parent":0,"menu_order":0,"comment_status":"closed","ping_status":"closed","template":"","meta":{"footnotes":""},"class_list":["post-617","page","type-page","status-publish","hentry"],"_links":{"self":[{"href":"https:\/\/www.gpn33.org\/de\/wp-json\/wp\/v2\/pages\/617","targetHints":{"allow":["GET"]}}],"collection":[{"href":"https:\/\/www.gpn33.org\/de\/wp-json\/wp\/v2\/pages"}],"about":[{"href":"https:\/\/www.gpn33.org\/de\/wp-json\/wp\/v2\/types\/page"}],"author":[{"embeddable":true,"href":"https:\/\/www.gpn33.org\/de\/wp-json\/wp\/v2\/users\/1"}],"replies":[{"embeddable":true,"href":"https:\/\/www.gpn33.org\/de\/wp-json\/wp\/v2\/comments?post=617"}],"version-history":[{"count":7,"href":"https:\/\/www.gpn33.org\/de\/wp-json\/wp\/v2\/pages\/617\/revisions"}],"predecessor-version":[{"id":639,"href":"https:\/\/www.gpn33.org\/de\/wp-json\/wp\/v2\/pages\/617\/revisions\/639"}],"wp:attachment":[{"href":"https:\/\/www.gpn33.org\/de\/wp-json\/wp\/v2\/media?parent=617"}],"curies":[{"name":"wp","href":"https:\/\/api.w.org\/{rel}","templated":true}]}}