{"id":617,"date":"2025-10-17T12:39:25","date_gmt":"2025-10-17T12:39:25","guid":{"rendered":"https:\/\/www.gpn33.org\/?page_id=617"},"modified":"2025-10-17T13:26:37","modified_gmt":"2025-10-17T13:26:37","slug":"discipleship-and-prayer","status":"publish","type":"page","link":"https:\/\/www.gpn33.org\/es\/discipleship-and-prayer\/","title":{"rendered":"Discipulado y oraci\u00f3n"},"content":{"rendered":"<div class=\"wp-block-buttons is-layout-flex wp-block-buttons-is-layout-flex\">\n<div class=\"wp-block-button\"><a class=\"wp-block-button__link wp-element-button\" href=\"https:\/\/110cities.com\/wp-content\/uploads\/2025\/10\/Discipleship-and-Prayer-Dr-Jason-Hubbard.pdf\" target=\"_blank\" rel=\"noreferrer noopener\">DESCARGAR ESTE ART\u00cdCULO (PDF EN INGL\u00c9S)<\/a><\/div>\n<\/div>\n\n\n\n<p>Lunes 20<sup>th<\/sup> En octubre de 2025 celebraremos nuestro 3<sup>rd<\/sup> anual <strong><a href=\"https:\/\/www.gpn33.org\/es\/day-of-prayer-for-hindu-world\/\">D\u00eda Mundial de Oraci\u00f3n por el Mundo Hind\u00fa<\/a><\/strong>.<\/p>\n\n\n\n<p>Las investigaciones nos dicen que el 80% de los hind\u00faes, budistas y musulmanes no conocen a un solo cristiano. Con aproximadamente 1.250 millones de hind\u00faes en todo el mundo, el hinduismo es la tercera religi\u00f3n m\u00e1s grande del mundo, \u00a1con 1.000 millones de ellos s\u00f3lo en la India!&nbsp;<\/p>\n\n\n<div class=\"wp-block-image\">\n<figure class=\"alignright size-full\"><img loading=\"lazy\" decoding=\"async\" width=\"313\" height=\"313\" src=\"https:\/\/www.gpn33.org\/wp-content\/uploads\/2025\/10\/image002.jpg\" alt=\"\" class=\"wp-image-624\" srcset=\"https:\/\/www.gpn33.org\/wp-content\/uploads\/2025\/10\/image002.jpg 313w, https:\/\/www.gpn33.org\/wp-content\/uploads\/2025\/10\/image002-150x150.jpg 150w, https:\/\/www.gpn33.org\/wp-content\/uploads\/2025\/10\/image002-12x12.jpg 12w\" sizes=\"auto, (max-width: 313px) 100vw, 313px\" \/><\/figure>\n<\/div>\n\n\n<p>Como Jes\u00fas nos llam\u00f3 a hacer disc\u00edpulos de todas las naciones, la tarea que nos queda por delante es enorme, \u00a1y debe comenzar con la oraci\u00f3n! Si la definici\u00f3n de oraci\u00f3n es intimidad con Dios - la parte conversacional de la relaci\u00f3n de amor m\u00e1s importante de nuestras vidas - entonces el destino de la oraci\u00f3n es \u00a1el cumplimiento de Sus prop\u00f3sitos!&nbsp;<\/p>\n\n\n\n<p>Dios ha elegido cumplir Sus prop\u00f3sitos a trav\u00e9s de las oraciones de Su pueblo. \u00c9l ha ordenado la oraci\u00f3n como el canal a trav\u00e9s del cual \u00c9l lleva a cabo Su voluntad.<\/p>\n\n\n\n<p><strong>Una de las claves de la oraci\u00f3n eficaz es orar por el cumplimiento de la Gran Comisi\u00f3n. <\/strong>&nbsp;<\/p>\n\n\n\n<p>La Biblia concede gran importancia al papel de la oraci\u00f3n en la Gran Comisi\u00f3n. El t\u00e9rmino \"la Gran Comisi\u00f3n\" se refiere a la \u00faltima orden de Jes\u00fas a sus disc\u00edpulos (y por lo tanto a la iglesia en su conjunto) mientras \u00c9l estaba f\u00edsicamente en la tierra.   Queremos orar para que cada persona y familia en todas partes tenga un encuentro aut\u00e9ntico con el Se\u00f1or Jesucristo por el poder y la presencia del Esp\u00edritu Santo.  Y Jes\u00fas dijo claramente que la manera m\u00e1s efectiva de hacer esto - de ver el Evangelio del reino proclamado a todo el mundo es \u00a1haciendo disc\u00edpulos de cada naci\u00f3n!&nbsp;<\/p>\n\n\n\n<p>Jes\u00fas orden\u00f3 a sus disc\u00edpulos Ir y hacer disc\u00edpulos a todas las naciones desde el monte Arbel - Arbel es la monta\u00f1a m\u00e1s alta de Galilea. El Evangelio de Mateo nos dice que despu\u00e9s de la resurrecci\u00f3n de Jes\u00fas, \u00c9l dio instrucciones a sus disc\u00edpulos para ir a la monta\u00f1a en Galilea.<\/p>\n\n\n\n<p>En un d\u00eda despejado, desde la cima de Arbel se puede ver a kil\u00f3metros de distancia. Mirando hacia el norte, se ve la cima del monte Herm\u00f3n, la monta\u00f1a m\u00e1s grande de Israel, que se eleva sobre las fronteras entre L\u00edbano, Siria e Israel. Al este, se ven los Altos del Gol\u00e1n, la cordillera negra de piedra bas\u00e1ltica que separa Israel de Siria y Jordania. Mirando hacia el sur, se ven las f\u00e9rtiles tierras de cultivo del valle de Jezreel extendidas como una colcha de retazos por el suelo hasta llegar a las onduladas colinas de Samaria. Y mirando hacia el oeste, se encuentra la llanura costera junto a la antigua ciudad de Cesarea Mar\u00edtima, la antigua ciudad portuaria construida por el rey Herodes donde el ap\u00f3stol Pablo zarp\u00f3 hacia Roma, llevando consigo el Evangelio a Occidente.<\/p>\n\n\n\n<p><strong>Jes\u00fas estaba teniendo una visi\u00f3n - <\/strong>una visi\u00f3n para un movimiento global de multiplicaci\u00f3n.<\/p>\n\n\n\n<p><strong>Llam\u00f3 a sus disc\u00edpulos no s\u00f3lo a \"hacer disc\u00edpulos\", sino a hacer disc\u00edpulos que se multiplicaran.<\/strong><\/p>\n\n\n\n<p><a href=\"https:\/\/youtu.be\/aKK9eAyr2H0\" target=\"_blank\" rel=\"noreferrer noopener\"><strong>Vea este v\u00eddeo - El poder de la multiplicaci\u00f3n<\/strong><\/a><\/p>\n\n\n\n<figure class=\"wp-block-embed is-type-video is-provider-youtube wp-block-embed-youtube wp-embed-aspect-16-9 wp-has-aspect-ratio\"><div class=\"wp-block-embed__wrapper\">\n<iframe loading=\"lazy\" title=\"El poder de la multiplicaci\u00f3n\" width=\"500\" height=\"281\" src=\"https:\/\/www.youtube.com\/embed\/aKK9eAyr2H0?feature=oembed\" frameborder=\"0\" allow=\"accelerometer; autoplay; clipboard-write; encrypted-media; gyroscope; picture-in-picture; web-share\" referrerpolicy=\"strict-origin-when-cross-origin\" allowfullscreen><\/iframe>\n<\/div><\/figure>\n\n\n\n<p><strong>Mateo 28:18-20<\/strong>Toda potestad me es dada en el cielo y en la tierra. Id, pues, y haced disc\u00edpulos a todas las gentes, bautiz\u00e1ndolas en el nombre del Padre y del Hijo y del Esp\u00edritu Santo, y ense\u00f1\u00e1ndoles a guardar todo lo que yo os he mandado. Y he aqu\u00ed que yo estoy con vosotros todos los d\u00edas, hasta el fin del mundo\".<\/p>\n\n\n\n<p>En este pasaje, vemos en primer lugar que se da autoridad a Jes\u00fas, y la segunda parte al final: \"Yo estoy con vosotros todos los d\u00edas hasta el fin del mundo\".<\/p>\n\n\n<div class=\"wp-block-image\">\n<figure class=\"alignright size-full\"><img loading=\"lazy\" decoding=\"async\" width=\"331\" height=\"331\" src=\"https:\/\/www.gpn33.org\/wp-content\/uploads\/2025\/10\/image004.jpg\" alt=\"\" class=\"wp-image-625\" srcset=\"https:\/\/www.gpn33.org\/wp-content\/uploads\/2025\/10\/image004.jpg 331w, https:\/\/www.gpn33.org\/wp-content\/uploads\/2025\/10\/image004-150x150.jpg 150w, https:\/\/www.gpn33.org\/wp-content\/uploads\/2025\/10\/image004-12x12.jpg 12w\" sizes=\"auto, (max-width: 331px) 100vw, 331px\" \/><\/figure>\n<\/div>\n\n\n<p>A menudo nos centramos en el camino, en hacer disc\u00edpulos, en bautizar, en ense\u00f1ar o en la mec\u00e1nica de plantar iglesias, pero las palabras de Jes\u00fas empiezan y terminan con \u00e9l mismo: \u00a1su autoridad y su presencia!<\/p>\n\n\n\n<p>Jes\u00fas es la persona central y el n\u00facleo ardiente de la gran comisi\u00f3n - \u00a1y nos conectamos con \u00c9l - Su autoridad y Su presencia - a trav\u00e9s de la oraci\u00f3n!<\/p>\n\n\n\n<p>La oraci\u00f3n es la manera principal que Dios nos ha dado para mantener lo principal en lo principal - \u00a1Jes\u00fas mismo en el centro!  Jes\u00fas tiene toda la autoridad y \u00c9l est\u00e1 con nosotros - \u00a1ese es el principio y el fin de la Gran Comisi\u00f3n!<\/p>\n\n\n\n<p><strong>\u00bfCu\u00e1l es la definici\u00f3n de disc\u00edpulo?<\/strong><br>La palabra disc\u00edpulo significa literalmente 'seguidor de un maestro'.  En la \u00e9poca de Cristo, un disc\u00edpulo no era simplemente un aprendiz de un gran maestro (rabino), sino que era un aprendiz o un imitador.  Jes\u00fas llam\u00f3 a sus primeros disc\u00edpulos para que le siguieran, hicieran lo que \u00c9l hac\u00eda y dijeran lo que \u00c9l dec\u00eda.<\/p>\n\n\n\n<p>Una definici\u00f3n sencilla de un disc\u00edpulo ser\u00eda aquel que ha venido a Jes\u00fas para la vida eterna, lo ha reclamado como Salvador y Dios, y se ha embarcado en una vida de seguimiento.<\/p>\n\n\n\n<p>\u00a1Un disc\u00edpulo es aquel que Ama a Dios, ama a la gente y hace disc\u00edpulos que se multiplican!&nbsp;<\/p>\n\n\n\n<h2 class=\"wp-block-heading\">Las 3 marcas de un disc\u00edpulo:<\/h2>\n\n\n\n<p>Queremos ser disc\u00edpulos y hacer disc\u00edpulos dignos de ser reproducidos, y seg\u00fan Jes\u00fas, las marcas de un disc\u00edpulo son tres:<\/p>\n\n\n\n<h3 class=\"wp-block-heading\">1. Permanece en la Palabra de Dios, Juan 8:31-32<\/h3>\n\n\n\n<p>\"Si permanec\u00e9is en mi palabra, ser\u00e9is verdaderamente mis disc\u00edpulos, y conocer\u00e9is la verdad, y la verdad os har\u00e1 libres\".<\/p>\n\n\n\n<p>La oraci\u00f3n es el alma de un disc\u00edpulo de Jes\u00fas.  Jes\u00fas dej\u00f3 claro que escucharle -permanecer en su palabra- es el aspecto m\u00e1s importante de la oraci\u00f3n. La palabra permanecer implica <strong><em>resto<\/em><\/strong> en constante comuni\u00f3n y relaci\u00f3n.&nbsp;<br><br>La oraci\u00f3n es la parte conversacional de la relaci\u00f3n amorosa m\u00e1s importante de nuestras vidas.&nbsp;<\/p>\n\n\n\n<h3 class=\"wp-block-heading\">2. Ama como Jes\u00fas ama, Juan 13:34-35<\/h3>\n\n\n\n<p>\"Un mandamiento nuevo os doy: que os am\u00e9is los unos a los otros: como yo os he amado, amaos tambi\u00e9n vosotros los unos a los otros. En esto conocer\u00e1n todos que sois mis disc\u00edpulos, si os ten\u00e9is amor los unos a los otros.\"<\/p>\n\n\n\n<p>Una de las primeras y m\u00e1s importantes maneras de amar como Jes\u00fas ama es rezando unos por otros.  Le pedimos a Dios que haga por ellos lo que no pueden hacer por s\u00ed mismos.<\/p>\n\n\n\n<h3 class=\"wp-block-heading\">3. Lleva fruto, Juan 15:7-8<\/h3>\n\n\n\n<p>\"Si permanec\u00e9is en m\u00ed y mis palabras permanecen en vosotros, pedid todo lo que quer\u00e1is y os ser\u00e1 hecho.  En esto se glorifica mi Padre, en que deis mucho fruto y result\u00e9is ser mis disc\u00edpulos\"<\/p>\n\n\n\n<p>Seg\u00fan Jes\u00fas, damos fruto permaneciendo y pidiendo en la oraci\u00f3n. As\u00ed glorificamos al Padre y demostramos ser sus disc\u00edpulos. &nbsp;<\/p>\n\n\n\n<p>Una de las claves para el cumplimiento de la Gran Comisi\u00f3n es orar al Se\u00f1or de la Mies para que env\u00ede obreros.<\/p>\n\n\n\n<p>\u00c9l les dijo: \"La cosecha realmente <em>es<\/em> grande, pero los obreros <em>son<\/em> pocos; rogad, pues, al Due\u00f1o de la mies que env\u00ede obreros a su mies\" (Lc 10,2).<\/p>\n\n\n\n<p>La palabra oraci\u00f3n utilizada en este contexto es <em>deomai<\/em>lo que significa oraci\u00f3n desesperada.   \u00a1Jes\u00fas dijo que la cosecha es abundante, pero los trabajadores son pocos - Por lo tanto, Orar - orar fervientemente, orar con desesperaci\u00f3n!<\/p>\n\n\n\n<p>Cuando los obreros salen a proclamar el Evangelio del Reino, a menudo encuentran resistencia.  El diablo ha establecido fortalezas espirituales sobre pueblos, ciudades y naciones. Pablo nos dice que se nos han dado armas de guerra para demoler fortalezas y ver el avance. (2 Cor. 10:4-5).<\/p>\n\n\n\n<h2 class=\"wp-block-heading\">El poder de rezar la Palabra<\/h2>\n\n\n\n<p>Una de las armas m\u00e1s poderosas es la Palabra de Dios, la Espada del Esp\u00edritu. Pablo nos ordena en Efesios 6 que nos mantengamos firmes, poni\u00e9ndonos la armadura por la fe y luego blandamos su palabra a trav\u00e9s de la oraci\u00f3n, orando en todo momento, por todos los pueblos con todo tipo de oraci\u00f3n (Ef. 6:10-19).&nbsp;<\/p>\n\n\n\n<p>Primero oramos y declaramos la supremac\u00eda de Jes\u00fas sobre los pueblos y las regiones. &nbsp;<\/p>\n\n\n\n<p>A trav\u00e9s de la oraci\u00f3n, le pedimos al Padre que ate y frene al enemigo, a los principados y potestades que han cegado las mentes de los incr\u00e9dulos.<\/p>\n\n\n\n<p><strong>Rezamos para que se abran las puertas, los cielos, las carreteras y los pasillos para que salga el Evangelio.<\/strong><\/p>\n\n\n\n<p>Pedimos al Se\u00f1or que quite la ceguera que el dios de este siglo ha puesto sobre los incr\u00e9dulos para que puedan ver la luz del Evangelio en el rostro de Jes\u00fas.&nbsp;<\/p>\n\n\n\n<p>Pedimos al Padre que nos libre del maligno, igual que Jes\u00fas vino a destruir las obras del diablo<strong>.<\/strong> Mientras ofrecemos nuestra adoraci\u00f3n y alabanza al que est\u00e1 sentado en el trono y al Cordero, su presencia y su luz en medio de nosotros destroza las tinieblas espirituales, y el poder de Dios libera a familias de toda fe en la tierra para que se conviertan en seguidores incondicionales de Jesucristo.<\/p>\n\n\n\n<figure class=\"wp-block-image size-full\"><img loading=\"lazy\" decoding=\"async\" width=\"1080\" height=\"720\" src=\"https:\/\/www.gpn33.org\/wp-content\/uploads\/2025\/10\/Discipleship-and-Prayer-2.jpg\" alt=\"\" class=\"wp-image-622\" srcset=\"https:\/\/www.gpn33.org\/wp-content\/uploads\/2025\/10\/Discipleship-and-Prayer-2.jpg 1080w, https:\/\/www.gpn33.org\/wp-content\/uploads\/2025\/10\/Discipleship-and-Prayer-2-350x233.jpg 350w, https:\/\/www.gpn33.org\/wp-content\/uploads\/2025\/10\/Discipleship-and-Prayer-2-768x512.jpg 768w, https:\/\/www.gpn33.org\/wp-content\/uploads\/2025\/10\/Discipleship-and-Prayer-2-18x12.jpg 18w\" sizes=\"auto, (max-width: 1080px) 100vw, 1080px\" \/><\/figure>\n\n\n\n<p>Hemos asistido a un gran auge de la adoraci\u00f3n y la oraci\u00f3n de intercesi\u00f3n desde los a\u00f1os 90 hasta hoy.<\/p>\n\n\n\n<p>El Movimiento Mundial de Oraci\u00f3n ha experimentado una notable aceleraci\u00f3n: los coreanos han orado temprano por la ma\u00f1ana durante d\u00e9cadas, las Marchas por Jes\u00fas han tenido lugar en las calles de todo el mundo, el D\u00eda Mundial de Oraci\u00f3n ha llenado estadios, la gente ha orado caminando y orando por un gran avance en las ciudades m\u00e1s importantes del mundo, el movimiento indonesio de las torres de oraci\u00f3n, la pasi\u00f3n y el fuego de las reuniones de oraci\u00f3n en Latinoam\u00e9rica y Sudam\u00e9rica, las vigilias de oraci\u00f3n que duran toda la noche con ayuno en todo el continente africano, el movimiento de oraci\u00f3n de dolores de parto en toda China, y los tiempos de oraci\u00f3n corporativa guiados por el Esp\u00edritu en toda la India, junto con la nueva expresi\u00f3n de casas de oraci\u00f3n y adoraci\u00f3n que estallan en las naciones, \u00a1y hoy m\u00e1s de cien millones de creyentes en oraci\u00f3n unida en cuatro d\u00edas mundiales de oraci\u00f3n cada a\u00f1o desde 2022!&nbsp;<\/p>\n\n\n\n<p>Y durante este tiempo, se han producido resultados asombrosos en los movimientos misioneros de todo el mundo...<\/p>\n\n\n\n<p>Seg\u00fan los principales investigadores de misiones, los disc\u00edpulos y las iglesias de estos movimientos han crecido exponencialmente a un asombroso ritmo del 23% anual, mucho m\u00e1s r\u00e1pido que la poblaci\u00f3n mundial. El n\u00famero total de disc\u00edpulos en estos movimientos se ha duplicado cada 3,5 a\u00f1os - un testimonio de la potencia de la multiplicaci\u00f3n divina con la oraci\u00f3n.<\/p>\n\n\n<div class=\"wp-block-image\">\n<figure class=\"alignright size-full\"><img loading=\"lazy\" decoding=\"async\" width=\"231\" height=\"346\" src=\"https:\/\/www.gpn33.org\/wp-content\/uploads\/2025\/10\/image007.jpg\" alt=\"\" class=\"wp-image-626\" srcset=\"https:\/\/www.gpn33.org\/wp-content\/uploads\/2025\/10\/image007.jpg 231w, https:\/\/www.gpn33.org\/wp-content\/uploads\/2025\/10\/image007-8x12.jpg 8w\" sizes=\"auto, (max-width: 231px) 100vw, 231px\" \/><\/figure>\n<\/div>\n\n\n<h3 class=\"wp-block-heading\">Este crecimiento global se ha producido en cuatro etapas distintas:<\/h3>\n\n\n\n<ul class=\"wp-block-list\">\n<li>De 1995 a 2000 - de 10.000 a m\u00e1s de 100.000 disc\u00edpulos<\/li>\n\n\n\n<li>De 2000 a 2005: de 100.000 a m\u00e1s de un mill\u00f3n de disc\u00edpulos<\/li>\n\n\n\n<li>De 2005 a 2015: de 1 mill\u00f3n a m\u00e1s de 10 millones<\/li>\n\n\n\n<li>De 2015 a 2024: la cifra super\u00f3 los 100 millones<\/li>\n<\/ul>\n\n\n\n<p>A medida que la oraci\u00f3n de exaltaci\u00f3n de Cristo, basada en la Biblia, alimentada por la adoraci\u00f3n, guiada por el Esp\u00edritu y motivada por el amor aumenta en las naciones, se hacen m\u00e1s disc\u00edpulos, se plantan m\u00e1s iglesias, se traducen m\u00e1s Biblias, se despliegan m\u00e1s se\u00f1ales, maravillas y milagros y se libera m\u00e1s justicia para los pobres, los marginados, los hu\u00e9rfanos y las viudas.<\/p>\n\n\n\n<p>As\u00ed, en el <strong><a href=\"https:\/\/www.gpn33.org\/es\/day-of-prayer-for-hindu-world\/\">D\u00eda Mundial de Oraci\u00f3n por el mundo hind\u00fa<\/a><\/strong>Elevemos nuestras oraciones como incienso ante Dios, que puede hacer inconmensurablemente m\u00e1s que todo lo que pedimos o incluso imaginamos, para Su gloria, para nuestra alegr\u00eda y para que las multitudes lleguen al conocimiento salvador de Jes\u00fas en todo el mundo hind\u00fa.\u00a0<\/p>\n\n\n\n<p><strong>Dr Jason Hubbard - Director<br><\/strong><a href=\"https:\/\/www.linktr.ee\/ipcprayer\" target=\"_blank\" rel=\"noreferrer noopener\"><strong>Conexi\u00f3n Internacional de Oraci\u00f3n<\/strong><\/a><\/p>","protected":false},"excerpt":{"rendered":"<p>El lunes 20 de octubre de 2025 ser\u00e1 nuestro tercer D\u00eda Mundial de Oraci\u00f3n por el Mundo Hind\u00fa. Las investigaciones nos dicen que el 80% de los hind\u00faes,...<\/p>","protected":false},"author":1,"featured_media":0,"parent":0,"menu_order":0,"comment_status":"closed","ping_status":"closed","template":"","meta":{"footnotes":""},"class_list":["post-617","page","type-page","status-publish","hentry"],"_links":{"self":[{"href":"https:\/\/www.gpn33.org\/es\/wp-json\/wp\/v2\/pages\/617","targetHints":{"allow":["GET"]}}],"collection":[{"href":"https:\/\/www.gpn33.org\/es\/wp-json\/wp\/v2\/pages"}],"about":[{"href":"https:\/\/www.gpn33.org\/es\/wp-json\/wp\/v2\/types\/page"}],"author":[{"embeddable":true,"href":"https:\/\/www.gpn33.org\/es\/wp-json\/wp\/v2\/users\/1"}],"replies":[{"embeddable":true,"href":"https:\/\/www.gpn33.org\/es\/wp-json\/wp\/v2\/comments?post=617"}],"version-history":[{"count":7,"href":"https:\/\/www.gpn33.org\/es\/wp-json\/wp\/v2\/pages\/617\/revisions"}],"predecessor-version":[{"id":639,"href":"https:\/\/www.gpn33.org\/es\/wp-json\/wp\/v2\/pages\/617\/revisions\/639"}],"wp:attachment":[{"href":"https:\/\/www.gpn33.org\/es\/wp-json\/wp\/v2\/media?parent=617"}],"curies":[{"name":"wp","href":"https:\/\/api.w.org\/{rel}","templated":true}]}}