{"id":617,"date":"2025-10-17T12:39:25","date_gmt":"2025-10-17T12:39:25","guid":{"rendered":"https:\/\/www.gpn33.org\/?page_id=617"},"modified":"2025-10-17T13:26:37","modified_gmt":"2025-10-17T13:26:37","slug":"discipleship-and-prayer","status":"publish","type":"page","link":"https:\/\/www.gpn33.org\/fi\/discipleship-and-prayer\/","title":{"rendered":"Opetuslapseus ja rukous"},"content":{"rendered":"<div class=\"wp-block-buttons is-layout-flex wp-block-buttons-is-layout-flex\">\n<div class=\"wp-block-button\"><a class=\"wp-block-button__link wp-element-button\" href=\"https:\/\/110cities.com\/wp-content\/uploads\/2025\/10\/Discipleship-and-Prayer-Dr-Jason-Hubbard.pdf\" target=\"_blank\" rel=\"noreferrer noopener\">LATAA T\u00c4M\u00c4 ARTIKKELI (ENGLANNINKIELINEN PDF)<\/a><\/div>\n<\/div>\n\n\n\n<p>Maanantai 20<sup>th<\/sup> Lokakuu 2025 merkitsee 3<sup>rd<\/sup> vuotuinen <strong><a href=\"https:\/\/www.gpn33.org\/fi\/day-of-prayer-for-hindu-world\/\">Maailmanlaajuinen rukousp\u00e4iv\u00e4 hindumaailman puolesta<\/a><\/strong>.<\/p>\n\n\n\n<p>Tutkimusten mukaan 80 prosenttia hinduista, buddhalaisista ja muslimeista ei tunne yht\u00e4\u00e4n kristitty\u00e4. Maailmanlaajuisesti noin 1,25 miljardin hindun my\u00f6t\u00e4 hindulaisuus on maailman kolmanneksi suurin uskonto, ja pelk\u00e4st\u00e4\u00e4n Intiassa on miljardi hindua!&nbsp;<\/p>\n\n\n<div class=\"wp-block-image\">\n<figure class=\"alignright size-full\"><img loading=\"lazy\" decoding=\"async\" width=\"313\" height=\"313\" src=\"https:\/\/www.gpn33.org\/wp-content\/uploads\/2025\/10\/image002.jpg\" alt=\"\" class=\"wp-image-624\" srcset=\"https:\/\/www.gpn33.org\/wp-content\/uploads\/2025\/10\/image002.jpg 313w, https:\/\/www.gpn33.org\/wp-content\/uploads\/2025\/10\/image002-150x150.jpg 150w, https:\/\/www.gpn33.org\/wp-content\/uploads\/2025\/10\/image002-12x12.jpg 12w\" sizes=\"auto, (max-width: 313px) 100vw, 313px\" \/><\/figure>\n<\/div>\n\n\n<p>Koska Jeesus kutsui meit\u00e4 tekem\u00e4\u00e4n kaikki kansat opetuslapsiksi, edess\u00e4mme oleva teht\u00e4v\u00e4 on valtava, ja se on aloitettava rukouksella! Jos rukouksen m\u00e4\u00e4ritelm\u00e4 on l\u00e4heisyys Jumalan kanssa - keskusteleva osa el\u00e4m\u00e4mme t\u00e4rkeint\u00e4 rakkaussuhdetta - niin rukouksen p\u00e4\u00e4m\u00e4\u00e4r\u00e4 on h\u00e4nen tarkoitustensa t\u00e4yttyminen!&nbsp;<\/p>\n\n\n\n<p>Jumala on p\u00e4\u00e4tt\u00e4nyt toteuttaa tarkoituksensa kansansa rukousten kautta. H\u00e4n on m\u00e4\u00e4r\u00e4nnyt rukouksen kanavaksi, jonka kautta h\u00e4n toteuttaa tahtonsa.<\/p>\n\n\n\n<p><strong>Yksi tehokkaan rukouksen avaimista on rukoilla Suuren l\u00e4hetysk\u00e4skyn t\u00e4yttymisen puolesta! <\/strong>&nbsp;<\/p>\n\n\n\n<p>Raamattu antaa suuren merkityksen rukouksen roolille l\u00e4hetysk\u00e4skyss\u00e4. Termi \"suuri l\u00e4hetysk\u00e4sky\" viittaa Jeesuksen viimeiseen k\u00e4skyyn opetuslapsilleen (ja siten koko seurakunnalle) h\u00e4nen ollessaan fyysisesti maan p\u00e4\u00e4ll\u00e4.   Haluamme rukoilla, ett\u00e4 jokainen ihminen ja perhe kaikkialla maailmassa saisi Pyh\u00e4n Hengen voimasta ja l\u00e4sn\u00e4olosta aidon kohtaamisen Herran Jeesuksen Kristuksen kanssa!  Ja Jeesus sanoi selv\u00e4sti, ett\u00e4 tehokkain tapa tehd\u00e4 t\u00e4m\u00e4 - n\u00e4hd\u00e4 valtakunnan evankeliumin julistettavan koko maailmassa - on tehd\u00e4 opetuslapsia kaikista kansoista!&nbsp;<\/p>\n\n\n\n<p>Jeesus k\u00e4ski opetuslapsiaan menem\u00e4\u00e4n ja tekem\u00e4\u00e4n opetuslapsiksi kaikki kansat Arbelin vuorelta - Arbel on Galilean korkein vuori. Matteuksen evankeliumissa kerrotaan, ett\u00e4 Jeesuksen yl\u00f6snousemuksen j\u00e4lkeen h\u00e4n antoi opetuslapsilleen ohjeet menn\u00e4 Galilean vuorelle.<\/p>\n\n\n\n<p>Kirkkaana p\u00e4iv\u00e4n\u00e4 Arbelin huipulla seisoessa n\u00e4kee kilometrien p\u00e4\u00e4h\u00e4n. Kun katsot pohjoiseen, n\u00e4et Hermon-vuoren huipun, Israelin suurimman vuoren, joka kohoaa Libanonin, Syyrian ja Israelin v\u00e4lisen rajan yli. Id\u00e4ss\u00e4 n\u00e4et Golanin kukkulat, mustan, basalttikivist\u00e4 koostuvan vuoriston, joka erottaa Israelin Syyriasta ja Jordaniasta. Etel\u00e4\u00e4n katsottuna n\u00e4et Jisreelin laakson hedelm\u00e4lliset viljelysmaat, jotka levitt\u00e4ytyv\u00e4t kuin tilkkut\u00e4kki lattialle, kunnes se ulottuu Samarian kumpuileville kukkuloille. Ja kun katsot l\u00e4nteen, n\u00e4et rannikkotasangon Caesarea Maritiman muinaisen kaupungin vieress\u00e4, kuningas Herodeksen rakentaman muinaisen satamakaupungin, josta apostoli Paavali l\u00e4hti purjehtimaan Roomaan ja vei evankeliumia mukanaan l\u00e4nteen.<\/p>\n\n\n\n<p><strong>Jeesus n\u00e4ki n\u00e4yn - <\/strong>visio maailmanlaajuisesta moninkertaistumisliikkeest\u00e4.<\/p>\n\n\n\n<p><strong>H\u00e4n kutsui opetuslapsiaan tekem\u00e4\u00e4n opetuslapsia, mutta tekem\u00e4\u00e4n opetuslapsia, jotka lis\u00e4\u00e4ntyv\u00e4t!<\/strong><\/p>\n\n\n\n<p><a href=\"https:\/\/youtu.be\/aKK9eAyr2H0\" target=\"_blank\" rel=\"noreferrer noopener\"><strong>Katso t\u00e4m\u00e4 video! - Moninkertaistamisen voima<\/strong><\/a><\/p>\n\n\n\n<figure class=\"wp-block-embed is-type-video is-provider-youtube wp-block-embed-youtube wp-embed-aspect-16-9 wp-has-aspect-ratio\"><div class=\"wp-block-embed__wrapper\">\n<iframe loading=\"lazy\" title=\"Moninkertaistamisen voima\" width=\"500\" height=\"281\" src=\"https:\/\/www.youtube.com\/embed\/aKK9eAyr2H0?feature=oembed\" frameborder=\"0\" allow=\"accelerometer; autoplay; clipboard-write; encrypted-media; gyroscope; picture-in-picture; web-share\" referrerpolicy=\"strict-origin-when-cross-origin\" allowfullscreen><\/iframe>\n<\/div><\/figure>\n\n\n\n<p><strong>Matteus 28:18-20<\/strong>, \"Minulle on annettu kaikki valta taivaassa ja maan p\u00e4\u00e4ll\u00e4. Menk\u00e4\u00e4 siis ja tehk\u00e4\u00e4 kaikki kansat minun opetuslapsikseni, kastakaa heid\u00e4t Is\u00e4n ja Pojan ja Pyh\u00e4n Hengen nimeen ja opettakaa heit\u00e4 noudattamaan kaikkea, mit\u00e4 min\u00e4 olen k\u00e4skenyt teit\u00e4. Ja katso, min\u00e4 olen teid\u00e4n kanssanne aina, iankaikkisesti, maailman loppuun asti.\"\"<\/p>\n\n\n\n<p>T\u00e4ss\u00e4 raamatunkohdassa n\u00e4emme ensin, ett\u00e4 Jeesukselle annetaan valta, ja toinen osa lopussa: \"Min\u00e4 olen teid\u00e4n kanssanne aina aikojen loppuun asti\".<\/p>\n\n\n<div class=\"wp-block-image\">\n<figure class=\"alignright size-full\"><img loading=\"lazy\" decoding=\"async\" width=\"331\" height=\"331\" src=\"https:\/\/www.gpn33.org\/wp-content\/uploads\/2025\/10\/image004.jpg\" alt=\"\" class=\"wp-image-625\" srcset=\"https:\/\/www.gpn33.org\/wp-content\/uploads\/2025\/10\/image004.jpg 331w, https:\/\/www.gpn33.org\/wp-content\/uploads\/2025\/10\/image004-150x150.jpg 150w, https:\/\/www.gpn33.org\/wp-content\/uploads\/2025\/10\/image004-12x12.jpg 12w\" sizes=\"auto, (max-width: 331px) 100vw, 331px\" \/><\/figure>\n<\/div>\n\n\n<p>Keskitymme usein menemiseen, opetuslasten tekemiseen, kastamiseen, opettamiseen tai seurakuntien perustamisen mekaniikkaan - mutta Jeesuksen sanat alkavat ja p\u00e4\u00e4ttyv\u00e4t h\u00e4neen itseens\u00e4 - h\u00e4nen auktoriteettiinsa ja l\u00e4sn\u00e4oloonsa!<\/p>\n\n\n\n<p>Jeesus on suuren teht\u00e4v\u00e4n keskeinen henkil\u00f6 ja palava ydin - ja me olemme yhteydess\u00e4 H\u00e4neen - H\u00e4nen auktoriteettiinsa ja l\u00e4sn\u00e4oloonsa - rukouksen kautta!<\/p>\n\n\n\n<p>Rukous on ensisijainen tapa, jonka Jumala on lahjoittanut meille, jotta voimme pit\u00e4\u00e4 p\u00e4\u00e4asian p\u00e4\u00e4asiana - Jeesuksen itsens\u00e4 keskipisteen\u00e4!  Jeesuksella on kaikki valta ja h\u00e4n on kanssamme - se on l\u00e4hetysk\u00e4skyn alku ja loppu!<\/p>\n\n\n\n<p><strong>Mik\u00e4 on opetuslapsen m\u00e4\u00e4ritelm\u00e4?<\/strong><br>Sana opetuslapsi tarkoittaa kirjaimellisesti 'mestarin seuraaja'.  Kristuksen aikaan opetuslapsi ei ollut pelk\u00e4st\u00e4\u00e4n suuren opettajan (rabbi) oppilas, vaan h\u00e4n oli oppipoika tai j\u00e4ljittelij\u00e4.  Jeesus kutsui ensimm\u00e4iset opetuslapsensa seuraamaan h\u00e4nt\u00e4 ja tekem\u00e4\u00e4n niit\u00e4 asioita, joita h\u00e4n teki, ja sanomaan niit\u00e4 asioita, joita h\u00e4n sanoi!<\/p>\n\n\n\n<p>Yksinkertainen m\u00e4\u00e4ritelm\u00e4 opetuslapsesta on, ett\u00e4 h\u00e4n on tullut Jeesuksen luokse iankaikkisen el\u00e4m\u00e4n toivossa, tunnustanut h\u00e4net Vapahtajakseen ja Jumalakseen ja aloittanut el\u00e4m\u00e4ns\u00e4 h\u00e4nen seuraamisekseen.<\/p>\n\n\n\n<p>Opetuslapsi on sellainen, joka rakastaa Jumalaa, rakastaa ihmisi\u00e4 ja tekee opetuslapsia, jotka lis\u00e4\u00e4ntyv\u00e4t!&nbsp;<\/p>\n\n\n\n<h2 class=\"wp-block-heading\">Opetuslapsen kolme tunnusmerkki\u00e4:<\/h2>\n\n\n\n<p>Haluamme olla opetuslapsia ja tehd\u00e4 opetuslapsia, jotka ovat lis\u00e4\u00e4ntymisen arvoisia, ja Jeesuksen mukaan opetuslapsen tunnusmerkit ovat kolminkertaiset:<\/p>\n\n\n\n<h3 class=\"wp-block-heading\">1. Pysyy Jumalan sanassa, Joh. 8:31-32.<\/h3>\n\n\n\n<p>\"Jos te pysytte minun sanassani, te olette todella minun opetuslapsiani, ja te tulette tuntemaan totuuden, ja totuus vapauttaa teid\u00e4t.\"<\/p>\n\n\n\n<p>Rukous on Jeesuksen opetuslapsen elinehto!  Jeesus teki selv\u00e4ksi, ett\u00e4 h\u00e4nen kuulemisensa - h\u00e4nen sanassaan pysyminen - on rukouksen t\u00e4rkein osa-alue. Sana pysyminen merkitsee <strong><em>j\u00e4ljelle j\u00e4\u00e4v\u00e4<\/em><\/strong> jatkuvassa yhteydess\u00e4 ja suhteessa.&nbsp;<br><br>Rukous on keskusteleva osa el\u00e4m\u00e4mme t\u00e4rkeint\u00e4 rakkaussuhdetta!&nbsp;<\/p>\n\n\n\n<h3 class=\"wp-block-heading\">2. Rakastaa niin kuin Jeesus rakastaa, Joh. 13:34-35.<\/h3>\n\n\n\n<p>\"Uuden k\u00e4skyn min\u00e4 annan teille, ett\u00e4 rakastatte toisianne: niin kuin min\u00e4 olen teit\u00e4 rakastanut, niin tekin rakastakaa toisianne. Siit\u00e4 kaikki ihmiset tulevat tiet\u00e4m\u00e4\u00e4n, ett\u00e4 te olette minun opetuslapsiani, jos teill\u00e4 on rakkautta toisianne kohtaan.\"\"<\/p>\n\n\n\n<p>Yksi ensimm\u00e4isist\u00e4 ja t\u00e4rkeimmist\u00e4 tavoista, joilla me rakastamme niin kuin Jeesus rakastaa, on rukoileminen toistemme puolesta!  Pyyd\u00e4mme Jumalaa tekem\u00e4\u00e4n heid\u00e4n puolestaan sen, mit\u00e4 he eiv\u00e4t voi tehd\u00e4 itse!<\/p>\n\n\n\n<h3 class=\"wp-block-heading\">3. kantaa hedelm\u00e4\u00e4, Joh. 15:7-8<\/h3>\n\n\n\n<p>\"Jos te pysytte minussa ja minun sanani pysyv\u00e4t teiss\u00e4, niin anokaa, mit\u00e4 ikin\u00e4 tahdotte, niin se teille tapahtuu.  Siit\u00e4 minun Is\u00e4ni kirkastuu, ett\u00e4 te tuotatte paljon hedelm\u00e4\u00e4 ja n\u00e4in osoittaudutte minun opetuslapsikseni\"<\/p>\n\n\n\n<p>Jeesuksen mukaan me tuotamme hedelm\u00e4\u00e4 pysym\u00e4ll\u00e4 ja pyyt\u00e4m\u00e4ll\u00e4 rukouksessa. N\u00e4in Is\u00e4 kirkastuu, ja me osoitamme olevamme h\u00e4nen opetuslapsiaan. &nbsp;<\/p>\n\n\n\n<p>Yksi avaimista Suuren l\u00e4hetysk\u00e4skyn t\u00e4ytt\u00e4miseen on rukoilla sadonkorjuun Herraa l\u00e4hett\u00e4m\u00e4\u00e4n ty\u00f6l\u00e4isi\u00e4!<\/p>\n\n\n\n<p>H\u00e4n sanoi heille: \"Sadonkorjuu todella <em>on<\/em> suuri, mutta ty\u00f6l\u00e4iset <em>ovat<\/em> Siksi rukoilkaa sadonkorjuun Herraa l\u00e4hett\u00e4m\u00e4\u00e4n ty\u00f6l\u00e4isi\u00e4 h\u00e4nen sadonkorjuuseensa\" (Luuk. 10:2).<\/p>\n\n\n\n<p>T\u00e4ss\u00e4 yhteydess\u00e4 k\u00e4ytetty sana rukouksesta on <em>deomai<\/em>, mik\u00e4 tarkoittaa ep\u00e4toivoista rukousta!   Jeesus sanoi, ett\u00e4 sadonkorjuu on runsas, mutta ty\u00f6l\u00e4isi\u00e4 on v\u00e4h\u00e4n - Rukoilkaa siis - rukoilkaa kiihke\u00e4sti, rukoilkaa ep\u00e4toivoisesti!<\/p>\n\n\n\n<p>Kun ty\u00f6l\u00e4iset l\u00e4htev\u00e4t julistamaan valtakunnan evankeliumia, se kohtaa usein vastustusta.  Paholainen on perustanut hengellisi\u00e4 linnoituksia kansojen, kaupunkien ja kansakuntien ylle. Paavali kertoo meille, ett\u00e4 meille on annettu sodank\u00e4ynnin aseet linnoitusten tuhoamiseksi ja l\u00e4pimurron aikaansaamiseksi. (2. Kor. 10:4-5).<\/p>\n\n\n\n<h2 class=\"wp-block-heading\">Voima sanan rukoilemisessa<\/h2>\n\n\n\n<p>Yksi voimakkaimmista aseista on Jumalan Sana, Hengen miekka. Paavali k\u00e4skee meit\u00e4 Ef. 6:ssa pysym\u00e4\u00e4n lujana, pukemaan haarniskamme p\u00e4\u00e4lle uskon kautta ja sitten k\u00e4ytt\u00e4m\u00e4\u00e4n h\u00e4nen sanaansa rukouksen kautta, rukoilemalla kaikkina aikoina kaikkien kansojen puolesta kaikenlaisilla rukouksilla (Ef. 6:10-19).&nbsp;<\/p>\n\n\n\n<p>Ensin me rukoilemme ja julistamme Jeesuksen ylivertaisuutta kansoihin ja alueisiin n\u00e4hden. &nbsp;<\/p>\n\n\n\n<p>Rukouksen kautta pyyd\u00e4mme Is\u00e4\u00e4 sitomaan ja hillitsem\u00e4\u00e4n vihollista, ruhtinaskuntia ja voimia, jotka ovat sokaisseet uskottomien mielet.<\/p>\n\n\n\n<p><strong>Rukoilemme avoimia ovia, avoimia taivaita, avoimia valtateit\u00e4 ja avoimia k\u00e4yt\u00e4vi\u00e4, jotta evankeliumi voisi kulkea eteenp\u00e4in!<\/strong><\/p>\n\n\n\n<p>Pyyd\u00e4mme Herraa poistamaan sokeuden, jonka t\u00e4m\u00e4n aikakauden jumala on asettanut uskottomien ylle, jotta he n\u00e4kisiv\u00e4t evankeliumin valon Jeesuksen kasvoissa!&nbsp;<\/p>\n\n\n\n<p>Pyyd\u00e4mme Is\u00e4\u00e4 vapauttamaan meid\u00e4t pahasta, aivan kuten Jeesus tuli tuhoamaan paholaisen teot.<strong>.<\/strong> Kun tarjoamme palvontamme ja ylistyksemme sille, joka istuu valtaistuimella, ja Karitsalle, H\u00e4nen l\u00e4sn\u00e4olonsa ja valonsa keskell\u00e4mme murskaa hengellisen pimeyden, ja Jumalan voima vapauttaa perheet kaikista maailman uskontokunnista tulemaan Jeesuksen Kristuksen kokosyd\u00e4misiksi seuraajiksi!<\/p>\n\n\n\n<figure class=\"wp-block-image size-full\"><img loading=\"lazy\" decoding=\"async\" width=\"1080\" height=\"720\" src=\"https:\/\/www.gpn33.org\/wp-content\/uploads\/2025\/10\/Discipleship-and-Prayer-2.jpg\" alt=\"\" class=\"wp-image-622\" srcset=\"https:\/\/www.gpn33.org\/wp-content\/uploads\/2025\/10\/Discipleship-and-Prayer-2.jpg 1080w, https:\/\/www.gpn33.org\/wp-content\/uploads\/2025\/10\/Discipleship-and-Prayer-2-350x233.jpg 350w, https:\/\/www.gpn33.org\/wp-content\/uploads\/2025\/10\/Discipleship-and-Prayer-2-768x512.jpg 768w, https:\/\/www.gpn33.org\/wp-content\/uploads\/2025\/10\/Discipleship-and-Prayer-2-18x12.jpg 18w\" sizes=\"auto, (max-width: 1080px) 100vw, 1080px\" \/><\/figure>\n\n\n\n<p>Olemme n\u00e4hneet palvonnan ja esirukouksen suuren nousun, joka alkoi 90-luvulla ja jatkuu aina t\u00e4h\u00e4n p\u00e4iv\u00e4\u00e4n asti!<\/p>\n\n\n\n<p>Maailmanlaajuinen rukousliike on kiihtynyt merkitt\u00e4v\u00e4sti - korealaiset ovat vuosikymmeni\u00e4 harrastaneet aamurukousta, Jeesuksen puolesta marssitettiin kaduilla ymp\u00e4ri maailmaa, maailmanlaajuinen rukousp\u00e4iv\u00e4 t\u00e4ytti stadionit, ihmiset rukoilivat ja rukoilivat l\u00e4pimurtoa maailman porttikaupungeissa, Indonesian rukoustorniliike, Latinalaisen ja Etel\u00e4-Amerikan rukouskokousten intohimo ja palo, koko y\u00f6n kest\u00e4neet rukousvalvojaiset, joihin liittyi paastoaminen koko Afrikan mantereella, koko Kiinassa k\u00e4ynniss\u00e4 ollut vaivaava rukousliike ja Hengen johtamat yhteiset rukousajat kaikkialla Intiassa yhdess\u00e4 kansojen r\u00e4j\u00e4hdysm\u00e4isesti levi\u00e4vien rukous- ja palvontahuoneiden tuoreen ilmaisun kanssa, ja nyky\u00e4\u00e4n yli sata miljoonaa uskovaa rukoilee yhdess\u00e4 nelj\u00e4n\u00e4 globaalina rukousp\u00e4iv\u00e4n\u00e4 joka vuosi vuodesta 2022 l\u00e4htien!&nbsp;<\/p>\n\n\n\n<p>T\u00e4n\u00e4 aikana l\u00e4hetysliikkeiss\u00e4 on saavutettu h\u00e4mm\u00e4stytt\u00e4vi\u00e4 tuloksia eri puolilla maailmaa -<\/p>\n\n\n\n<p>Huippul\u00e4hetysty\u00f6n tutkijoiden mukaan n\u00e4iden liikkeiden opetuslapset ja seurakunnat ovat kasvaneet r\u00e4j\u00e4hdysm\u00e4isesti h\u00e4mm\u00e4stytt\u00e4v\u00e4ll\u00e4 23 prosentin vuosivauhdilla, paljon nopeammin kuin maailman v\u00e4est\u00f6. Opetuslasten kokonaism\u00e4\u00e4r\u00e4 n\u00e4iss\u00e4 liikkeiss\u00e4 on kaksinkertaistunut 3,5 vuoden v\u00e4lein - todistus jumalallisen lis\u00e4\u00e4ntymisen voimasta rukouksen avulla.<\/p>\n\n\n<div class=\"wp-block-image\">\n<figure class=\"alignright size-full\"><img loading=\"lazy\" decoding=\"async\" width=\"231\" height=\"346\" src=\"https:\/\/www.gpn33.org\/wp-content\/uploads\/2025\/10\/image007.jpg\" alt=\"\" class=\"wp-image-626\" srcset=\"https:\/\/www.gpn33.org\/wp-content\/uploads\/2025\/10\/image007.jpg 231w, https:\/\/www.gpn33.org\/wp-content\/uploads\/2025\/10\/image007-8x12.jpg 8w\" sizes=\"auto, (max-width: 231px) 100vw, 231px\" \/><\/figure>\n<\/div>\n\n\n<h3 class=\"wp-block-heading\">T\u00e4m\u00e4 maailmanlaajuinen kasvu on tapahtunut nelj\u00e4ss\u00e4 eri vaiheessa:<\/h3>\n\n\n\n<ul class=\"wp-block-list\">\n<li>Vuodesta 1995 vuoteen 2000 - 10 000:sta yli 100 000 oppilaaseen.<\/li>\n\n\n\n<li>Vuodesta 2000 vuoteen 2005 - 100 000:sta yli miljoonaan oppilasta.<\/li>\n\n\n\n<li>Vuodesta 2005 vuoteen 2015 - 1 miljoonasta yli 10 miljoonaan.<\/li>\n\n\n\n<li>Vuodesta 2015 vuoteen 2024 - m\u00e4\u00e4r\u00e4 ylitti 100 miljoonaa.<\/li>\n<\/ul>\n\n\n\n<p>Kun Kristusta ylist\u00e4v\u00e4, Raamattuun perustuva, jumalanpalvelukseen perustuva, Hengen johtama, rakkauden motivoima rukous lis\u00e4\u00e4ntyy kansakunnissa, enemm\u00e4n opetuslapsia tehd\u00e4\u00e4n, enemm\u00e4n seurakuntia istutetaan, enemm\u00e4n Raamattuja k\u00e4\u00e4nnet\u00e4\u00e4n, enemm\u00e4n merkkej\u00e4, ihmeit\u00e4 ja ihmetekoja n\u00e4ytet\u00e4\u00e4n ja enemm\u00e4n oikeudenmukaisuutta annetaan k\u00f6yhille, syrj\u00e4ytyneille, orvoille ja leskille!<\/p>\n\n\n\n<p>Niinp\u00e4 <strong><a href=\"https:\/\/www.gpn33.org\/fi\/day-of-prayer-for-hindu-world\/\">Maailmanlaajuinen rukousp\u00e4iv\u00e4 hindumaailman puolesta<\/a><\/strong>Nostakaamme rukouksemme kuin suitsukkeet Jumalan eteen, joka voi tehd\u00e4 mittaamattoman paljon enemm\u00e4n kuin mit\u00e4 ikin\u00e4 pyyd\u00e4mme tai edes kuvittelemme H\u00e4nen kunniakseen, meid\u00e4n iloksemme ja sen puolesta, ett\u00e4 monet ihmiset kaikkialla hindumaailmassa tulisivat pelastavaan tietoon Jeesuksesta!\u00a0<\/p>\n\n\n\n<p><strong>Tri Jason Hubbard - Johtaja<br><\/strong><a href=\"https:\/\/www.linktr.ee\/ipcprayer\" target=\"_blank\" rel=\"noreferrer noopener\"><strong>Kansainv\u00e4linen rukousyhteys<\/strong><\/a><\/p>","protected":false},"excerpt":{"rendered":"<p>Monday 20th October 2025 will mark our 3rd annual Global Day of Prayer for the Hindu World. Research tells us that 80 percent of Hindus,...<\/p>","protected":false},"author":1,"featured_media":0,"parent":0,"menu_order":0,"comment_status":"closed","ping_status":"closed","template":"","meta":{"footnotes":""},"class_list":["post-617","page","type-page","status-publish","hentry"],"_links":{"self":[{"href":"https:\/\/www.gpn33.org\/fi\/wp-json\/wp\/v2\/pages\/617","targetHints":{"allow":["GET"]}}],"collection":[{"href":"https:\/\/www.gpn33.org\/fi\/wp-json\/wp\/v2\/pages"}],"about":[{"href":"https:\/\/www.gpn33.org\/fi\/wp-json\/wp\/v2\/types\/page"}],"author":[{"embeddable":true,"href":"https:\/\/www.gpn33.org\/fi\/wp-json\/wp\/v2\/users\/1"}],"replies":[{"embeddable":true,"href":"https:\/\/www.gpn33.org\/fi\/wp-json\/wp\/v2\/comments?post=617"}],"version-history":[{"count":7,"href":"https:\/\/www.gpn33.org\/fi\/wp-json\/wp\/v2\/pages\/617\/revisions"}],"predecessor-version":[{"id":639,"href":"https:\/\/www.gpn33.org\/fi\/wp-json\/wp\/v2\/pages\/617\/revisions\/639"}],"wp:attachment":[{"href":"https:\/\/www.gpn33.org\/fi\/wp-json\/wp\/v2\/media?parent=617"}],"curies":[{"name":"wp","href":"https:\/\/api.w.org\/{rel}","templated":true}]}}