{"id":617,"date":"2025-10-17T12:39:25","date_gmt":"2025-10-17T12:39:25","guid":{"rendered":"https:\/\/www.gpn33.org\/?page_id=617"},"modified":"2025-10-17T13:26:37","modified_gmt":"2025-10-17T13:26:37","slug":"discipleship-and-prayer","status":"publish","type":"page","link":"https:\/\/www.gpn33.org\/fr\/discipleship-and-prayer\/","title":{"rendered":"Discipulat et pri\u00e8re"},"content":{"rendered":"<div class=\"wp-block-buttons is-layout-flex wp-block-buttons-is-layout-flex\">\n<div class=\"wp-block-button\"><a class=\"wp-block-button__link wp-element-button\" href=\"https:\/\/110cities.com\/wp-content\/uploads\/2025\/10\/Discipleship-and-Prayer-Dr-Jason-Hubbard.pdf\" target=\"_blank\" rel=\"noreferrer noopener\">T\u00c9L\u00c9CHARGER CET ARTICLE (PDF ANGLAIS)<\/a><\/div>\n<\/div>\n\n\n\n<p>Lundi 20<sup>th<\/sup> Le mois d'octobre 2025 marquera notre troisi\u00e8me anniversaire.<sup>rd<\/sup> annuel <strong><a href=\"https:\/\/www.gpn33.org\/fr\/day-of-prayer-for-hindu-world\/\">Journ\u00e9e mondiale de pri\u00e8re pour le monde hindou<\/a><\/strong>.<\/p>\n\n\n\n<p>Les \u00e9tudes montrent que 80 % des hindous, des bouddhistes et des musulmans ne connaissent pas un seul chr\u00e9tien. Avec environ 1,25 milliard d'hindous dans le monde, l'hindouisme est la troisi\u00e8me religion mondiale, dont 1 milliard rien qu'en Inde !&nbsp;<\/p>\n\n\n<div class=\"wp-block-image\">\n<figure class=\"alignright size-full\"><img loading=\"lazy\" decoding=\"async\" width=\"313\" height=\"313\" src=\"https:\/\/www.gpn33.org\/wp-content\/uploads\/2025\/10\/image002.jpg\" alt=\"\" class=\"wp-image-624\" srcset=\"https:\/\/www.gpn33.org\/wp-content\/uploads\/2025\/10\/image002.jpg 313w, https:\/\/www.gpn33.org\/wp-content\/uploads\/2025\/10\/image002-150x150.jpg 150w, https:\/\/www.gpn33.org\/wp-content\/uploads\/2025\/10\/image002-12x12.jpg 12w\" sizes=\"auto, (max-width: 313px) 100vw, 313px\" \/><\/figure>\n<\/div>\n\n\n<p>Comme J\u00e9sus nous a appel\u00e9s \u00e0 faire de toutes les nations des disciples, la t\u00e2che qui nous reste \u00e0 accomplir est \u00e9norme et elle doit commencer par la pri\u00e8re ! Si la d\u00e9finition de la pri\u00e8re est l'intimit\u00e9 avec Dieu - la partie conversationnelle de la relation d'amour la plus importante de notre vie - alors la destination de la pri\u00e8re est l'accomplissement de ses desseins !&nbsp;<\/p>\n\n\n\n<p>Dieu a choisi d'accomplir ses desseins \u00e0 travers les pri\u00e8res de son peuple. Il a fait de la pri\u00e8re le canal par lequel il accomplit sa volont\u00e9.<\/p>\n\n\n\n<p><strong>L'une des cl\u00e9s d'une pri\u00e8re efficace est de prier pour l'accomplissement de la Grande Commission ! <\/strong>&nbsp;<\/p>\n\n\n\n<p>La Bible accorde une grande importance au r\u00f4le de la pri\u00e8re dans la Grande Commission. L'expression \"la Grande Commission\" fait r\u00e9f\u00e9rence au dernier commandement de J\u00e9sus \u00e0 ses disciples (et donc \u00e0 l'\u00c9glise dans son ensemble) alors qu'il \u00e9tait physiquement sur la terre.   Nous voulons prier pour que chaque personne et chaque famille, o\u00f9 qu'elle se trouve, ait une rencontre authentique avec le Seigneur J\u00e9sus-Christ par la puissance et la pr\u00e9sence du Saint-Esprit !  Et J\u00e9sus a clairement dit que le moyen le plus efficace d'y parvenir - de voir l'\u00c9vangile du royaume proclam\u00e9 dans le monde entier - est de faire des disciples de toutes les nations !&nbsp;<\/p>\n\n\n\n<p>J\u00e9sus a ordonn\u00e9 \u00e0 ses disciples d'aller faire de toutes les nations des disciples depuis le mont Arbel - Arbel est la plus haute montagne de Galil\u00e9e. L'\u00c9vangile de Matthieu nous apprend qu'apr\u00e8s sa r\u00e9surrection, J\u00e9sus a donn\u00e9 des instructions \u00e0 ses disciples pour qu'ils se rendent sur la montagne en Galil\u00e9e.<\/p>\n\n\n\n<p>Par temps clair, lorsqu'on se tient au sommet d'Arbel, on peut voir \u00e0 des kilom\u00e8tres \u00e0 la ronde. Au nord, on aper\u00e7oit le sommet du mont Hermon, la plus grande montagne d'Isra\u00ebl, qui domine les fronti\u00e8res entre le Liban, la Syrie et Isra\u00ebl. \u00c0 l'est, on aper\u00e7oit le plateau du Golan, une cha\u00eene de montagnes noires et basaltiques qui s\u00e9pare Isra\u00ebl de la Syrie et de la Jordanie. Au sud, les terres agricoles fertiles de la vall\u00e9e de Jezr\u00e9el s'\u00e9tendent comme un patchwork jusqu'aux collines ondulantes de Samarie. En regardant vers l'ouest, on voit la plaine c\u00f4ti\u00e8re \u00e0 c\u00f4t\u00e9 de l'ancienne ville de C\u00e9sar\u00e9e de Maritima, l'ancienne ville portuaire construite par le roi H\u00e9rode o\u00f9 l'ap\u00f4tre Paul s'est embarqu\u00e9 pour Rome, emportant l'\u00c9vangile avec lui vers l'Occident.<\/p>\n\n\n\n<p><strong>J\u00e9sus a eu une vision - <\/strong>une vision pour un mouvement mondial de multiplication.<\/p>\n\n\n\n<p><strong>Il a appel\u00e9 ses disciples \u00e0 ne pas se contenter de \"faire des disciples\", mais \u00e0 faire des disciples qui se multiplient !<\/strong><\/p>\n\n\n\n<p><a href=\"https:\/\/youtu.be\/aKK9eAyr2H0\" target=\"_blank\" rel=\"noreferrer noopener\"><strong>Regardez cette vid\u00e9o ! - Le pouvoir de la multiplication<\/strong><\/a><\/p>\n\n\n\n<figure class=\"wp-block-embed is-type-video is-provider-youtube wp-block-embed-youtube wp-embed-aspect-16-9 wp-has-aspect-ratio\"><div class=\"wp-block-embed__wrapper\">\n<iframe loading=\"lazy\" title=\"Le pouvoir de la multiplication\" width=\"500\" height=\"281\" src=\"https:\/\/www.youtube.com\/embed\/aKK9eAyr2H0?feature=oembed\" frameborder=\"0\" allow=\"accelerometer; autoplay; clipboard-write; encrypted-media; gyroscope; picture-in-picture; web-share\" referrerpolicy=\"strict-origin-when-cross-origin\" allowfullscreen><\/iframe>\n<\/div><\/figure>\n\n\n\n<p><strong>Matthieu 28:18-20<\/strong>Tout pouvoir m'a \u00e9t\u00e9 donn\u00e9 au ciel et sur la terre. Allez donc, faites de toutes les nations des disciples, les baptisant au nom du P\u00e8re, du Fils et du Saint-Esprit, et enseignez-leur \u00e0 observer tout ce que je vous ai prescrit. Et voici que je suis avec vous tous les jours, jusqu'\u00e0 la fin du monde\"<\/p>\n\n\n\n<p>Dans ce passage, nous voyons d'abord que l'autorit\u00e9 est donn\u00e9e \u00e0 J\u00e9sus, et la deuxi\u00e8me partie \u00e0 la fin - \"Je suis avec vous tous les jours jusqu'\u00e0 la fin du monde\".<\/p>\n\n\n<div class=\"wp-block-image\">\n<figure class=\"alignright size-full\"><img loading=\"lazy\" decoding=\"async\" width=\"331\" height=\"331\" src=\"https:\/\/www.gpn33.org\/wp-content\/uploads\/2025\/10\/image004.jpg\" alt=\"\" class=\"wp-image-625\" srcset=\"https:\/\/www.gpn33.org\/wp-content\/uploads\/2025\/10\/image004.jpg 331w, https:\/\/www.gpn33.org\/wp-content\/uploads\/2025\/10\/image004-150x150.jpg 150w, https:\/\/www.gpn33.org\/wp-content\/uploads\/2025\/10\/image004-12x12.jpg 12w\" sizes=\"auto, (max-width: 331px) 100vw, 331px\" \/><\/figure>\n<\/div>\n\n\n<p>Nous nous concentrons souvent sur l'action, sur la formation des disciples, sur le bapt\u00eame, sur l'enseignement ou sur les m\u00e9canismes de l'implantation des \u00e9glises - mais les paroles de J\u00e9sus commencent et se terminent par lui-m\u00eame - son autorit\u00e9 et sa pr\u00e9sence !<\/p>\n\n\n\n<p>J\u00e9sus est la personne centrale et le c\u0153ur br\u00fblant du grand commandement - et nous nous connectons \u00e0 lui - \u00e0 son autorit\u00e9 et \u00e0 sa pr\u00e9sence - par la pri\u00e8re !<\/p>\n\n\n\n<p>La pri\u00e8re est le moyen principal que Dieu nous a donn\u00e9 pour garder l'essentiel au centre - J\u00e9sus lui-m\u00eame !  J\u00e9sus a toute autorit\u00e9 et Il est avec nous - c'est le d\u00e9but et la fin de la Grande Commission !<\/p>\n\n\n\n<p><strong>Quelle est la d\u00e9finition d'un disciple ?<\/strong><br>Le mot \"disciple\" signifie litt\u00e9ralement \"disciple d'un ma\u00eetre\".  \u00c0 l'\u00e9poque du Christ, un disciple n'\u00e9tait pas simplement l'\u00e9l\u00e8ve d'un grand ma\u00eetre (rabbin), mais un apprenti ou un imitateur.  J\u00e9sus a appel\u00e9 ses premiers disciples \u00e0 le suivre, \u00e0 faire ce qu'il faisait et \u00e0 dire ce qu'il disait !<\/p>\n\n\n\n<p>Une d\u00e9finition simple d'un disciple serait celui qui est venu \u00e0 J\u00e9sus pour la vie \u00e9ternelle, qui l'a revendiqu\u00e9 comme Sauveur et Dieu, et qui s'est embarqu\u00e9 dans une vie \u00e0 sa suite.<\/p>\n\n\n\n<p>Un disciple est quelqu'un qui aime Dieu, qui aime les gens et qui fait des disciples qui se multiplient !&nbsp;<\/p>\n\n\n\n<h2 class=\"wp-block-heading\">Les 3 marques du disciple :<\/h2>\n\n\n\n<p>Nous voulons \u00eatre des disciples et faire des disciples qui valent la peine d'\u00eatre reproduits, et selon J\u00e9sus, les marques d'un disciple sont triples :<\/p>\n\n\n\n<h3 class=\"wp-block-heading\">1. Demeure dans la Parole de Dieu (Jean 8:31-32)<\/h3>\n\n\n\n<p>\"Si vous demeurez dans ma parole, vous \u00eates vraiment mes disciples ; vous conna\u00eetrez la v\u00e9rit\u00e9, et la v\u00e9rit\u00e9 vous affranchira.\"<\/p>\n\n\n\n<p>La pri\u00e8re est l'\u00e9l\u00e9ment vital d'un disciple de J\u00e9sus !  J\u00e9sus a clairement indiqu\u00e9 que le fait de l'\u00e9couter - de demeurer dans sa parole - est l'aspect le plus important de la pri\u00e8re. Le mot \"demeurer\" implique <strong><em>restant<\/em><\/strong> dans une communion et une relation constantes.&nbsp;<br><br>La pri\u00e8re est la partie conversationnelle de la relation amoureuse la plus importante de notre vie !&nbsp;<\/p>\n\n\n\n<h3 class=\"wp-block-heading\">2. Aime comme J\u00e9sus aime, Jean 13:34-35<\/h3>\n\n\n\n<p>\"Je vous donne un commandement nouveau : vous aimer les uns les autres. Comme je vous ai aim\u00e9s, vous devez vous aimer les uns les autres. A ceci tous reconna\u00eetront que vous \u00eates mes disciples, si vous avez de l'amour les uns pour les autres.<\/p>\n\n\n\n<p>L'une des premi\u00e8res fa\u00e7ons d'aimer comme J\u00e9sus aime est de prier les uns pour les autres !  Nous demandons \u00e0 Dieu de faire pour eux ce qu'ils ne peuvent pas faire pour eux-m\u00eames !<\/p>\n\n\n\n<h3 class=\"wp-block-heading\">3. Porte du fruit, Jean 15:7-8<\/h3>\n\n\n\n<p>\"Si vous demeurez en moi et que mes paroles demeurent en vous, demandez ce que vous voulez, et cela vous sera accord\u00e9.  Mon P\u00e8re est ainsi glorifi\u00e9 : vous portez beaucoup de fruits et vous devenez mes disciples.<\/p>\n\n\n\n<p>Selon J\u00e9sus, nous portons du fruit en demeurant et en demandant dans la pri\u00e8re. Ainsi, le P\u00e8re est glorifi\u00e9 et nous prouvons que nous sommes ses disciples. &nbsp;<\/p>\n\n\n\n<p>L'une des cl\u00e9s de l'accomplissement de la Grande Commission est de prier le Seigneur de la moisson pour qu'il envoie des ouvriers !<\/p>\n\n\n\n<p>Il leur dit : \"La moisson est vraiment <em>est<\/em> mais les travailleurs <em>sont<\/em> priez donc le ma\u00eetre de la moisson d'envoyer des ouvriers dans sa moisson\" (Luc 10:2).<\/p>\n\n\n\n<p>Le mot \"pri\u00e8re\" utilis\u00e9 dans ce contexte est <em>deomai<\/em>Ce qui signifie une pri\u00e8re d\u00e9sesp\u00e9r\u00e9e !   J\u00e9sus a dit que la moisson est abondante mais que les ouvriers sont peu nombreux - C'est pourquoi il faut prier - prier avec ferveur, prier avec d\u00e9sespoir !<\/p>\n\n\n\n<p>Lorsque des ouvriers partent proclamer l'\u00c9vangile du Royaume, ils se heurtent souvent \u00e0 des r\u00e9sistances.  Le diable a \u00e9tabli des forteresses spirituelles sur les peuples, les villes et les nations. Paul nous dit que nous avons re\u00e7u des armes de guerre pour d\u00e9molir les forteresses et obtenir une perc\u00e9e. (2 Cor. 10:4-5).<\/p>\n\n\n\n<h2 class=\"wp-block-heading\">La puissance de la pri\u00e8re de la parole<\/h2>\n\n\n\n<p>L'une des armes les plus puissantes est la parole de Dieu, l'\u00e9p\u00e9e de l'Esprit. Dans \u00c9ph\u00e9siens 6, Paul nous ordonne de tenir bon, de rev\u00eatir notre armure par la foi et de manier sa parole par la pri\u00e8re, en priant en tout temps, pour tous les peuples, avec toutes sortes de pri\u00e8res (\u00c9ph\u00e9siens 6:10-19).&nbsp;<\/p>\n\n\n\n<p>Nous prions et d\u00e9clarons d'abord la supr\u00e9matie de J\u00e9sus sur les peuples et les r\u00e9gions. &nbsp;<\/p>\n\n\n\n<p>Par la pri\u00e8re, nous demandons au P\u00e8re de lier et de retenir l'ennemi, les principaut\u00e9s et les puissances qui ont aveugl\u00e9 l'esprit des incroyants.<\/p>\n\n\n\n<p><strong>Nous prions pour des portes ouvertes, des cieux ouverts, des autoroutes ouvertes et des couloirs ouverts pour que l'Evangile se propage !<\/strong><\/p>\n\n\n\n<p>Nous demandons au Seigneur d'enlever l'aveuglement que le dieu de ce si\u00e8cle a plac\u00e9 sur les incroyants afin qu'ils puissent voir la lumi\u00e8re de l'Evangile dans le visage de J\u00e9sus !&nbsp;<\/p>\n\n\n\n<p>Nous demandons au P\u00e8re de nous d\u00e9livrer du malin, comme J\u00e9sus est venu d\u00e9truire les \u0153uvres du diable<strong>.<\/strong> Alors que nous offrons notre adoration et notre louange \u00e0 celui qui est assis sur le tr\u00f4ne et \u00e0 l'Agneau, sa pr\u00e9sence et sa lumi\u00e8re au milieu de nous brisent les t\u00e9n\u00e8bres spirituelles, et la puissance de Dieu d\u00e9livre les familles de toutes les confessions de la terre pour qu'elles deviennent des disciples inconditionnels de J\u00e9sus-Christ !<\/p>\n\n\n\n<figure class=\"wp-block-image size-full\"><img loading=\"lazy\" decoding=\"async\" width=\"1080\" height=\"720\" src=\"https:\/\/www.gpn33.org\/wp-content\/uploads\/2025\/10\/Discipleship-and-Prayer-2.jpg\" alt=\"\" class=\"wp-image-622\" srcset=\"https:\/\/www.gpn33.org\/wp-content\/uploads\/2025\/10\/Discipleship-and-Prayer-2.jpg 1080w, https:\/\/www.gpn33.org\/wp-content\/uploads\/2025\/10\/Discipleship-and-Prayer-2-350x233.jpg 350w, https:\/\/www.gpn33.org\/wp-content\/uploads\/2025\/10\/Discipleship-and-Prayer-2-768x512.jpg 768w, https:\/\/www.gpn33.org\/wp-content\/uploads\/2025\/10\/Discipleship-and-Prayer-2-18x12.jpg 18w\" sizes=\"auto, (max-width: 1080px) 100vw, 1080px\" \/><\/figure>\n\n\n\n<p>Nous avons assist\u00e9 \u00e0 un grand essor de la louange et de la pri\u00e8re d'intercession depuis les ann\u00e9es 90 jusqu'\u00e0 aujourd'hui !<\/p>\n\n\n\n<p>Le Mouvement mondial de pri\u00e8re a connu une acc\u00e9l\u00e9ration remarquable - les Cor\u00e9ens ont lutt\u00e9 dans la pri\u00e8re matinale pendant des d\u00e9cennies, les Marches pour J\u00e9sus ont eu lieu dans les rues du monde entier, la Journ\u00e9e mondiale de pri\u00e8re a rempli les stades, les gens ont march\u00e9 dans la pri\u00e8re et pri\u00e9 pour une perc\u00e9e dans les villes-portes du monde, le mouvement de la tour de pri\u00e8re indon\u00e9sienne, la passion et le feu des r\u00e9unions de pri\u00e8re en Am\u00e9rique latine et en Am\u00e9rique du Sud, les veill\u00e9es de pri\u00e8re nocturnes et les je\u00fbnes sur le continent africain, le mouvement de pri\u00e8re en Chine, les pri\u00e8res collectives dirig\u00e9es par l'Esprit en Inde, l'expression nouvelle des maisons de pri\u00e8re et d'adoration qui explosent dans les nations, et aujourd'hui plus de cent millions de croyants en pri\u00e8re unie lors de quatre journ\u00e9es mondiales de pri\u00e8re chaque ann\u00e9e depuis 2022 !&nbsp;<\/p>\n\n\n\n<p>Au cours de cette p\u00e9riode, les mouvements missionnaires ont obtenu des r\u00e9sultats \u00e9tonnants dans le monde entier.<\/p>\n\n\n\n<p>Selon les meilleurs chercheurs en mission, les disciples et les \u00e9glises de ces mouvements ont connu une croissance exponentielle \u00e0 un taux stup\u00e9fiant de 23 % par an, bien plus rapide que la population mondiale. Le nombre total de disciples dans ces mouvements a doubl\u00e9 tous les 3,5 ans - un t\u00e9moignage de la puissance de la multiplication divine par la pri\u00e8re.<\/p>\n\n\n<div class=\"wp-block-image\">\n<figure class=\"alignright size-full\"><img loading=\"lazy\" decoding=\"async\" width=\"231\" height=\"346\" src=\"https:\/\/www.gpn33.org\/wp-content\/uploads\/2025\/10\/image007.jpg\" alt=\"\" class=\"wp-image-626\" srcset=\"https:\/\/www.gpn33.org\/wp-content\/uploads\/2025\/10\/image007.jpg 231w, https:\/\/www.gpn33.org\/wp-content\/uploads\/2025\/10\/image007-8x12.jpg 8w\" sizes=\"auto, (max-width: 231px) 100vw, 231px\" \/><\/figure>\n<\/div>\n\n\n<h3 class=\"wp-block-heading\">Cette croissance mondiale s'est d\u00e9roul\u00e9e en quatre \u00e9tapes distinctes :<\/h3>\n\n\n\n<ul class=\"wp-block-list\">\n<li>De 1995 \u00e0 2000 - de 10 000 \u00e0 plus de 100 000 disciples<\/li>\n\n\n\n<li>De 2000 \u00e0 2005 - de 100 000 \u00e0 plus d'un million de disciples<\/li>\n\n\n\n<li>De 2005 \u00e0 2015 - de 1 million \u00e0 plus de 10 millions<\/li>\n\n\n\n<li>De 2015 \u00e0 2024, ce nombre a d\u00e9pass\u00e9 les 100 millions.<\/li>\n<\/ul>\n\n\n\n<p>Alors que la pri\u00e8re exaltant le Christ, bas\u00e9e sur la Bible, aliment\u00e9e par l'adoration, dirig\u00e9e par l'Esprit et motiv\u00e9e par l'amour augmente dans les nations, plus de disciples sont faits, plus d'\u00e9glises sont implant\u00e9es, plus de bibles sont traduites, plus de signes, de prodiges et de miracles sont manifest\u00e9s et plus de justice est rendue aux pauvres, aux marginalis\u00e9s, \u00e0 l'orphelin et \u00e0 la veuve !<\/p>\n\n\n\n<p>Ainsi, sur le <strong><a href=\"https:\/\/www.gpn33.org\/fr\/day-of-prayer-for-hindu-world\/\">Journ\u00e9e mondiale de pri\u00e8re pour le monde hindou<\/a><\/strong>Nous avons donc d\u00e9cid\u00e9 d'\u00e9lever nos pri\u00e8res comme de l'encens devant Dieu qui peut faire infiniment plus que tout ce que nous pouvons demander ou m\u00eame imaginer pour sa gloire, pour notre joie et pour que des multitudes parviennent \u00e0 la connaissance salvatrice de J\u00e9sus \u00e0 travers le monde hindou !\u00a0<\/p>\n\n\n\n<p><strong>Dr Jason Hubbard - Directeur<br><\/strong><a href=\"https:\/\/www.linktr.ee\/ipcprayer\" target=\"_blank\" rel=\"noreferrer noopener\"><strong>Connexion internationale de pri\u00e8re<\/strong><\/a><\/p>","protected":false},"excerpt":{"rendered":"<p>Le lundi 20 octobre 2025 marquera notre troisi\u00e8me Journ\u00e9e mondiale annuelle de pri\u00e8re pour le monde hindou. Les recherches montrent que 80 % des hindous,...<\/p>","protected":false},"author":1,"featured_media":0,"parent":0,"menu_order":0,"comment_status":"closed","ping_status":"closed","template":"","meta":{"footnotes":""},"class_list":["post-617","page","type-page","status-publish","hentry"],"_links":{"self":[{"href":"https:\/\/www.gpn33.org\/fr\/wp-json\/wp\/v2\/pages\/617","targetHints":{"allow":["GET"]}}],"collection":[{"href":"https:\/\/www.gpn33.org\/fr\/wp-json\/wp\/v2\/pages"}],"about":[{"href":"https:\/\/www.gpn33.org\/fr\/wp-json\/wp\/v2\/types\/page"}],"author":[{"embeddable":true,"href":"https:\/\/www.gpn33.org\/fr\/wp-json\/wp\/v2\/users\/1"}],"replies":[{"embeddable":true,"href":"https:\/\/www.gpn33.org\/fr\/wp-json\/wp\/v2\/comments?post=617"}],"version-history":[{"count":7,"href":"https:\/\/www.gpn33.org\/fr\/wp-json\/wp\/v2\/pages\/617\/revisions"}],"predecessor-version":[{"id":639,"href":"https:\/\/www.gpn33.org\/fr\/wp-json\/wp\/v2\/pages\/617\/revisions\/639"}],"wp:attachment":[{"href":"https:\/\/www.gpn33.org\/fr\/wp-json\/wp\/v2\/media?parent=617"}],"curies":[{"name":"wp","href":"https:\/\/api.w.org\/{rel}","templated":true}]}}