{"id":617,"date":"2025-10-17T12:39:25","date_gmt":"2025-10-17T12:39:25","guid":{"rendered":"https:\/\/www.gpn33.org\/?page_id=617"},"modified":"2025-10-17T13:26:37","modified_gmt":"2025-10-17T13:26:37","slug":"discipleship-and-prayer","status":"publish","type":"page","link":"https:\/\/www.gpn33.org\/it\/discipleship-and-prayer\/","title":{"rendered":"Discepolato e preghiera"},"content":{"rendered":"<div class=\"wp-block-buttons is-layout-flex wp-block-buttons-is-layout-flex\">\n<div class=\"wp-block-button\"><a class=\"wp-block-button__link wp-element-button\" href=\"https:\/\/110cities.com\/wp-content\/uploads\/2025\/10\/Discipleship-and-Prayer-Dr-Jason-Hubbard.pdf\" target=\"_blank\" rel=\"noreferrer noopener\">SCARICA QUESTO ARTICOLO (PDF INGLESE)<\/a><\/div>\n<\/div>\n\n\n\n<p>Luned\u00ec 20<sup>th<\/sup> L'ottobre 2025 segner\u00e0 il nostro 3<sup>rd<\/sup> annuale <strong><a href=\"https:\/\/www.gpn33.org\/it\/day-of-prayer-for-hindu-world\/\">Giornata mondiale di preghiera per il mondo ind\u00f9<\/a><\/strong>.<\/p>\n\n\n\n<p>Le ricerche ci dicono che l'80% degli ind\u00f9, dei buddisti e dei musulmani non conosce un solo cristiano. Con circa 1,25 miliardi di induisti in tutto il mondo, l'induismo \u00e8 la terza religione a livello globale, di cui 1 miliardo solo in India!&nbsp;<\/p>\n\n\n<div class=\"wp-block-image\">\n<figure class=\"alignright size-full\"><img loading=\"lazy\" decoding=\"async\" width=\"313\" height=\"313\" src=\"https:\/\/www.gpn33.org\/wp-content\/uploads\/2025\/10\/image002.jpg\" alt=\"\" class=\"wp-image-624\" srcset=\"https:\/\/www.gpn33.org\/wp-content\/uploads\/2025\/10\/image002.jpg 313w, https:\/\/www.gpn33.org\/wp-content\/uploads\/2025\/10\/image002-150x150.jpg 150w, https:\/\/www.gpn33.org\/wp-content\/uploads\/2025\/10\/image002-12x12.jpg 12w\" sizes=\"auto, (max-width: 313px) 100vw, 313px\" \/><\/figure>\n<\/div>\n\n\n<p>Poich\u00e9 Ges\u00f9 ci ha chiamati a fare discepoli tutti i popoli, il compito che ci resta da svolgere \u00e8 enorme e deve iniziare con la preghiera! Se la definizione di preghiera \u00e8 l'intimit\u00e0 con Dio - la parte colloquiale della relazione d'amore pi\u00f9 importante della nostra vita - allora la destinazione della preghiera \u00e8 il compimento dei Suoi scopi!&nbsp;<\/p>\n\n\n\n<p>Dio ha scelto di realizzare i suoi propositi attraverso le preghiere del suo popolo. Ha ordinato la preghiera come canale attraverso il quale compie la sua volont\u00e0.<\/p>\n\n\n\n<p><strong>Una delle chiavi per una preghiera efficace \u00e8 pregare per il compimento del Grande Mandato! <\/strong>&nbsp;<\/p>\n\n\n\n<p>La Bibbia attribuisce grande importanza al ruolo della preghiera nel Grande Mandato. Il termine \"Grande Commissione\" si riferisce al comando finale di Ges\u00f9 ai suoi discepoli (e quindi alla Chiesa nel suo complesso) mentre era fisicamente sulla terra.   Vogliamo pregare affinch\u00e9 ogni persona e famiglia, ovunque, abbia un incontro autentico con il Signore Ges\u00f9 Cristo, grazie alla potenza e alla presenza dello Spirito Santo!  E Ges\u00f9 ha detto chiaramente che il modo pi\u00f9 efficace per farlo, per vedere il Vangelo del regno proclamato in tutto il mondo, \u00e8 fare discepoli di ogni nazione!&nbsp;<\/p>\n\n\n\n<p>Ges\u00f9 ordin\u00f2 ai suoi discepoli di andare e fare discepoli tutti i popoli dal monte Arbel - Arbel \u00e8 la montagna pi\u00f9 alta della Galilea. Il Vangelo di Matteo ci dice che, dopo la risurrezione di Ges\u00f9, egli diede istruzioni ai suoi discepoli di andare sul monte in Galilea.<\/p>\n\n\n\n<p>Nelle giornate limpide, stando in cima all'Arbel, si pu\u00f2 vedere per chilometri. Guardando a nord, si pu\u00f2 vedere la cima del Monte Hermon, la montagna pi\u00f9 grande di Israele, che sovrasta i confini tra Libano, Siria e Israele. A est, si vedono le alture del Golan, la catena di tavole nere e basaltiche che separa Israele dai Paesi della Siria e della Giordania. Guardando a sud, si vedono i fertili terreni agricoli della Valle di Jezreel che si stendono come una trapunta patchwork sul pavimento fino a raggiungere le dolci colline della Samaria. E guardando a ovest, si trova la pianura costiera accanto all'antica citt\u00e0 di Cesarea Maritima, l'antica citt\u00e0 portuale costruita dal re Erode dove l'apostolo Paolo salp\u00f2 per Roma, portando con s\u00e9 il Vangelo in Occidente.<\/p>\n\n\n\n<p><strong>Ges\u00f9 stava lanciando una visione - <\/strong>una visione per un movimento globale di moltiplicazione.<\/p>\n\n\n\n<p><strong>Egli chiam\u00f2 i suoi discepoli non solo a \"fare discepoli\", ma a fare discepoli che si moltiplichino!<\/strong><\/p>\n\n\n\n<p><a href=\"https:\/\/youtu.be\/aKK9eAyr2H0\" target=\"_blank\" rel=\"noreferrer noopener\"><strong>Guardate questo video! - Il potere della moltiplicazione<\/strong><\/a><\/p>\n\n\n\n<figure class=\"wp-block-embed is-type-video is-provider-youtube wp-block-embed-youtube wp-embed-aspect-16-9 wp-has-aspect-ratio\"><div class=\"wp-block-embed__wrapper\">\n<iframe loading=\"lazy\" title=\"Il potere della moltiplicazione\" width=\"500\" height=\"281\" src=\"https:\/\/www.youtube.com\/embed\/aKK9eAyr2H0?feature=oembed\" frameborder=\"0\" allow=\"accelerometer; autoplay; clipboard-write; encrypted-media; gyroscope; picture-in-picture; web-share\" referrerpolicy=\"strict-origin-when-cross-origin\" allowfullscreen><\/iframe>\n<\/div><\/figure>\n\n\n\n<p><strong>Matteo 28:18-20<\/strong>Ogni autorit\u00e0 in cielo e in terra \u00e8 stata data a me. Andate dunque e fate discepoli tutti i popoli, battezzandoli nel nome del Padre e del Figlio e dello Spirito Santo, insegnando loro a osservare tutto ci\u00f2 che vi ho comandato. Ed ecco, io sono con voi tutti i giorni, fino alla fine del mondo\".<\/p>\n\n\n\n<p>In questo brano, vediamo innanzitutto che l'autorit\u00e0 viene data a Ges\u00f9, e la seconda parte alla fine: \"Io sono con voi tutti i giorni fino alla fine dell'et\u00e0\".<\/p>\n\n\n<div class=\"wp-block-image\">\n<figure class=\"alignright size-full\"><img loading=\"lazy\" decoding=\"async\" width=\"331\" height=\"331\" src=\"https:\/\/www.gpn33.org\/wp-content\/uploads\/2025\/10\/image004.jpg\" alt=\"\" class=\"wp-image-625\" srcset=\"https:\/\/www.gpn33.org\/wp-content\/uploads\/2025\/10\/image004.jpg 331w, https:\/\/www.gpn33.org\/wp-content\/uploads\/2025\/10\/image004-150x150.jpg 150w, https:\/\/www.gpn33.org\/wp-content\/uploads\/2025\/10\/image004-12x12.jpg 12w\" sizes=\"auto, (max-width: 331px) 100vw, 331px\" \/><\/figure>\n<\/div>\n\n\n<p>Spesso ci concentriamo sull'andare, sul fare discepoli, sul battezzare, sull'insegnare o sui meccanismi per piantare chiese - ma le parole di Ges\u00f9 iniziano e finiscono con se stesso - la Sua autorit\u00e0 e la Sua presenza!<\/p>\n\n\n\n<p>Ges\u00f9 \u00e8 la persona centrale e il fulcro della grande commissione - e noi ci mettiamo in contatto con Lui - con la Sua autorit\u00e0 e la Sua presenza - attraverso la preghiera!<\/p>\n\n\n\n<p>La preghiera \u00e8 il modo principale che Dio ci ha donato per mantenere la cosa principale al centro: Ges\u00f9 stesso!  Ges\u00f9 ha tutta l'autorit\u00e0 ed \u00e8 con noi: questo \u00e8 l'inizio e la fine del Grande Mandato!<\/p>\n\n\n\n<p><strong>Qual \u00e8 la definizione di Discepolo?<\/strong><br>La parola discepolo significa letteralmente \"seguace di un maestro\".  All'epoca di Cristo, un discepolo non era semplicemente un allievo di un grande maestro (rabbino), ma era un apprendista o un imitatore.  Ges\u00f9 chiam\u00f2 i suoi primi discepoli a seguirlo e a fare le cose che faceva e a dire le cose che diceva!<\/p>\n\n\n\n<p>Una semplice definizione di discepolo \u00e8 quella di colui che si \u00e8 avvicinato a Ges\u00f9 per la vita eterna, lo ha dichiarato Salvatore e Dio e ha intrapreso una vita di sequela.<\/p>\n\n\n\n<p>Un discepolo \u00e8 colui che ama Dio, ama le persone e fa discepoli che si moltiplicano!&nbsp;<\/p>\n\n\n\n<h2 class=\"wp-block-heading\">I 3 segni di un discepolo:<\/h2>\n\n\n\n<p>Vogliamo essere discepoli e fare discepoli degni di essere riprodotti e, secondo Ges\u00f9, i segni di un discepolo sono tre:<\/p>\n\n\n\n<h3 class=\"wp-block-heading\">1. Rimane nella Parola di Dio, Giovanni 8:31-32<\/h3>\n\n\n\n<p>\"Se rimanete nella mia parola, siete veramente miei discepoli, conoscerete la verit\u00e0 e la verit\u00e0 vi far\u00e0 liberi\".<\/p>\n\n\n\n<p>La preghiera \u00e8 la linfa vitale di un discepolo di Ges\u00f9!  Ges\u00f9 \u00e8 stato chiaro sul fatto che l'ascolto di lui - il rimanere nella sua parola - \u00e8 l'aspetto pi\u00f9 importante della preghiera. La parola dimorare implica <strong><em>rimanente<\/em><\/strong> in costante comunione e relazione.&nbsp;<br><br>La preghiera \u00e8 la parte colloquiale della relazione d'amore pi\u00f9 importante della nostra vita!&nbsp;<\/p>\n\n\n\n<h3 class=\"wp-block-heading\">2. Ama come ama Ges\u00f9, Giovanni 13:34-35<\/h3>\n\n\n\n<p>\"Vi do un nuovo comandamento, che vi amiate gli uni gli altri: come io vi ho amato, anche voi amatevi gli uni gli altri. Da questo tutti sapranno che siete miei discepoli, se avrete amore gli uni per gli altri\".<\/p>\n\n\n\n<p>Uno dei primi e principali modi in cui amiamo come ama Ges\u00f9 \u00e8 pregare gli uni per gli altri!  Chiediamo a Dio di fare per loro ci\u00f2 che non possono fare da soli!<\/p>\n\n\n\n<h3 class=\"wp-block-heading\">3. Porta frutto, Giovanni 15:7-8<\/h3>\n\n\n\n<p>\"Se rimanete in me e le mie parole rimangono in voi, chiedete quello che volete e vi sar\u00e0 fatto.  In questo modo il Padre mio \u00e8 glorificato: che portiate molto frutto e dimostriate di essere miei discepoli\".<\/p>\n\n\n\n<p>Secondo Ges\u00f9, portiamo frutto rimanendo e chiedendo nella preghiera. In questo modo, il Padre viene glorificato e noi dimostriamo di essere suoi discepoli. &nbsp;<\/p>\n\n\n\n<p>Una delle chiavi per l'adempimento del Grande Mandato \u00e8 pregare il Signore del Raccolto affinch\u00e9 mandi operai!<\/p>\n\n\n\n<p>Disse loro: \"Il raccolto \u00e8 veramente <em>\u00e8<\/em> grande, ma i lavoratori <em>sono<\/em> pochi; pregate dunque il Signore della messe di mandare operai nella sua messe\" (Luca 10:2).<\/p>\n\n\n\n<p>La parola preghiera usata in questo contesto \u00e8 <em>deomai<\/em>, il che significa preghiera disperata!   Ges\u00f9 ha detto che la messe \u00e8 abbondante ma gli operai sono pochi - Perci\u00f2, pregate - pregate con fervore, pregate con disperazione!<\/p>\n\n\n\n<p>Quando gli operai vanno a proclamare il Vangelo del Regno, spesso si incontrano delle resistenze.  Il diavolo ha stabilito delle roccaforti spirituali su popoli, citt\u00e0 e nazioni. Paolo ci dice che ci sono state date armi da guerra per demolire le roccaforti e vedere una svolta. (2 Cor. 10:4-5).<\/p>\n\n\n\n<h2 class=\"wp-block-heading\">Il potere della preghiera della Parola<\/h2>\n\n\n\n<p>Una delle armi pi\u00f9 potenti \u00e8 la Parola di Dio, la spada dello Spirito. Paolo ci ordina in Efesini 6 di stare saldi, indossando la nostra armatura per fede e poi brandendo la sua parola attraverso la preghiera, pregando in ogni momento, per tutti i popoli con ogni tipo di preghiera (Ef 6:10-19).&nbsp;<\/p>\n\n\n\n<p>Per prima cosa preghiamo e dichiariamo la supremazia di Ges\u00f9 sui popoli e sulle regioni. &nbsp;<\/p>\n\n\n\n<p>Attraverso la preghiera, chiediamo al Padre di legare e frenare il nemico, i principati e le potenze che hanno accecato le menti degli increduli.<\/p>\n\n\n\n<p><strong>Preghiamo per porte aperte, cieli aperti, autostrade aperte e corridoi aperti per la diffusione del Vangelo!<\/strong><\/p>\n\n\n\n<p>Chiediamo al Signore di rimuovere la cecit\u00e0 che il dio di questa epoca ha posto sugli increduli, affinch\u00e9 possano vedere la luce del Vangelo nel volto di Ges\u00f9!&nbsp;<\/p>\n\n\n\n<p>Chiediamo al Padre di liberarci dal maligno, cos\u00ec come Ges\u00f9 \u00e8 venuto a distruggere le opere del demonio.<strong>.<\/strong> Quando offriamo la nostra adorazione e la nostra lode a colui che siede sul trono e all'Agnello, la Sua presenza e la Sua luce in mezzo a noi infrangono le tenebre spirituali e la potenza di Dio libera le famiglie da ogni fede sulla terra per farle diventare seguaci di tutto cuore di Ges\u00f9 Cristo!<\/p>\n\n\n\n<figure class=\"wp-block-image size-full\"><img loading=\"lazy\" decoding=\"async\" width=\"1080\" height=\"720\" src=\"https:\/\/www.gpn33.org\/wp-content\/uploads\/2025\/10\/Discipleship-and-Prayer-2.jpg\" alt=\"\" class=\"wp-image-622\" srcset=\"https:\/\/www.gpn33.org\/wp-content\/uploads\/2025\/10\/Discipleship-and-Prayer-2.jpg 1080w, https:\/\/www.gpn33.org\/wp-content\/uploads\/2025\/10\/Discipleship-and-Prayer-2-350x233.jpg 350w, https:\/\/www.gpn33.org\/wp-content\/uploads\/2025\/10\/Discipleship-and-Prayer-2-768x512.jpg 768w, https:\/\/www.gpn33.org\/wp-content\/uploads\/2025\/10\/Discipleship-and-Prayer-2-18x12.jpg 18w\" sizes=\"auto, (max-width: 1080px) 100vw, 1080px\" \/><\/figure>\n\n\n\n<p>Abbiamo assistito ad una grande ondata di culto e di preghiera di intercessione, a partire dagli anni '90 fino ad oggi!<\/p>\n\n\n\n<p>Il Movimento Globale di Preghiera ha visto un'accelerazione notevole - i coreani hanno lottato in preghiera al mattino presto per decenni, le Marce per Ges\u00f9 hanno avuto luogo nelle strade di tutto il mondo, la Giornata Globale di Preghiera ha riempito gli stadi, le persone che pregano e camminano per la svolta nelle citt\u00e0 di passaggio del mondo, il movimento delle torri di preghiera indonesiane, la passione e il fuoco degli incontri di preghiera latino e sudamericani, le veglie di preghiera notturne con digiuno in tutto il continente africano, il movimento di preghiera in tutta la Cina e i tempi di preghiera corporativa guidati dallo Spirito in tutta l'India, insieme alla nuova espressione delle case di preghiera e di culto che esplodono nelle nazioni, e oggi pi\u00f9 di cento milioni di credenti in preghiera unita in quattro giorni globali di preghiera ogni anno dal 2022!&nbsp;<\/p>\n\n\n\n<p>In questo periodo, i movimenti missionari in tutto il mondo hanno ottenuto risultati sorprendenti.<\/p>\n\n\n\n<p>Secondo i migliori ricercatori di missioni, i discepoli e le chiese di questi movimenti sono cresciuti in modo esponenziale a un tasso sorprendente del 23% all'anno, molto pi\u00f9 velocemente della popolazione globale. Il numero totale di discepoli in questi movimenti \u00e8 raddoppiato ogni 3,5 anni - una testimonianza della potenza della moltiplicazione divina con la preghiera.<\/p>\n\n\n<div class=\"wp-block-image\">\n<figure class=\"alignright size-full\"><img loading=\"lazy\" decoding=\"async\" width=\"231\" height=\"346\" src=\"https:\/\/www.gpn33.org\/wp-content\/uploads\/2025\/10\/image007.jpg\" alt=\"\" class=\"wp-image-626\" srcset=\"https:\/\/www.gpn33.org\/wp-content\/uploads\/2025\/10\/image007.jpg 231w, https:\/\/www.gpn33.org\/wp-content\/uploads\/2025\/10\/image007-8x12.jpg 8w\" sizes=\"auto, (max-width: 231px) 100vw, 231px\" \/><\/figure>\n<\/div>\n\n\n<h3 class=\"wp-block-heading\">Questa crescita globale \u00e8 avvenuta in quattro fasi distinte:<\/h3>\n\n\n\n<ul class=\"wp-block-list\">\n<li>Dal 1995 al 2000 - da 10.000 a pi\u00f9 di 100.000 discepoli<\/li>\n\n\n\n<li>Dal 2000 al 2005 - da 100.000 a pi\u00f9 di 1 milione di discepoli<\/li>\n\n\n\n<li>Dal 2005 al 2015 - da 1 milione a oltre 10 milioni di persone<\/li>\n\n\n\n<li>Dal 2015 al 2024 - il numero ha superato i 100 milioni di persone.<\/li>\n<\/ul>\n\n\n\n<p>Mentre la preghiera esaltante di Cristo, basata sulla Bibbia, alimentata dal culto, guidata dallo Spirito e motivata dall'amore aumenta nelle nazioni, vengono fatti pi\u00f9 discepoli, vengono piantate pi\u00f9 chiese, vengono tradotte pi\u00f9 Bibbie, vengono mostrati pi\u00f9 segni, prodigi e miracoli e viene resa pi\u00f9 giustizia ai poveri, agli emarginati, agli orfani e alle vedove!<\/p>\n\n\n\n<p>Quindi, sul <strong><a href=\"https:\/\/www.gpn33.org\/it\/day-of-prayer-for-hindu-world\/\">Giornata mondiale di preghiera per il mondo ind\u00f9<\/a><\/strong>Eleviamo le nostre preghiere come incenso davanti a Dio, che pu\u00f2 fare immensamente di pi\u00f9 di quanto possiamo chiedere o anche solo immaginare, per la Sua gloria, per la nostra gioia e per le moltitudini che giungono alla conoscenza salvifica di Ges\u00f9 in tutto il mondo ind\u00f9!\u00a0<\/p>\n\n\n\n<p><strong>Dr Jason Hubbard - Direttore<br><\/strong><a href=\"https:\/\/www.linktr.ee\/ipcprayer\" target=\"_blank\" rel=\"noreferrer noopener\"><strong>Collegamento internazionale di preghiera<\/strong><\/a><\/p>","protected":false},"excerpt":{"rendered":"<p>Monday 20th October 2025 will mark our 3rd annual Global Day of Prayer for the Hindu World. Research tells us that 80 percent of Hindus,...<\/p>","protected":false},"author":1,"featured_media":0,"parent":0,"menu_order":0,"comment_status":"closed","ping_status":"closed","template":"","meta":{"footnotes":""},"class_list":["post-617","page","type-page","status-publish","hentry"],"_links":{"self":[{"href":"https:\/\/www.gpn33.org\/it\/wp-json\/wp\/v2\/pages\/617","targetHints":{"allow":["GET"]}}],"collection":[{"href":"https:\/\/www.gpn33.org\/it\/wp-json\/wp\/v2\/pages"}],"about":[{"href":"https:\/\/www.gpn33.org\/it\/wp-json\/wp\/v2\/types\/page"}],"author":[{"embeddable":true,"href":"https:\/\/www.gpn33.org\/it\/wp-json\/wp\/v2\/users\/1"}],"replies":[{"embeddable":true,"href":"https:\/\/www.gpn33.org\/it\/wp-json\/wp\/v2\/comments?post=617"}],"version-history":[{"count":7,"href":"https:\/\/www.gpn33.org\/it\/wp-json\/wp\/v2\/pages\/617\/revisions"}],"predecessor-version":[{"id":639,"href":"https:\/\/www.gpn33.org\/it\/wp-json\/wp\/v2\/pages\/617\/revisions\/639"}],"wp:attachment":[{"href":"https:\/\/www.gpn33.org\/it\/wp-json\/wp\/v2\/media?parent=617"}],"curies":[{"name":"wp","href":"https:\/\/api.w.org\/{rel}","templated":true}]}}