{"id":617,"date":"2025-10-17T12:39:25","date_gmt":"2025-10-17T12:39:25","guid":{"rendered":"https:\/\/www.gpn33.org\/?page_id=617"},"modified":"2025-10-17T13:26:37","modified_gmt":"2025-10-17T13:26:37","slug":"discipleship-and-prayer","status":"publish","type":"page","link":"https:\/\/www.gpn33.org\/ro\/discipleship-and-prayer\/","title":{"rendered":"Discipolat \u0219i rug\u0103ciune"},"content":{"rendered":"<div class=\"wp-block-buttons is-layout-flex wp-block-buttons-is-layout-flex\">\n<div class=\"wp-block-button\"><a class=\"wp-block-button__link wp-element-button\" href=\"https:\/\/110cities.com\/wp-content\/uploads\/2025\/10\/Discipleship-and-Prayer-Dr-Jason-Hubbard.pdf\" target=\"_blank\" rel=\"noreferrer noopener\">DESC\u0102RCA\u021aI ACEST ARTICOL (ENGLISH PDF)<\/a><\/div>\n<\/div>\n\n\n\n<p>Luni 20<sup>th<\/sup> Octombrie 2025 va marca 3<sup>rd<\/sup> anual <strong><a href=\"https:\/\/www.gpn33.org\/ro\/day-of-prayer-for-hindu-world\/\">Ziua mondial\u0103 de rug\u0103ciune pentru lumea hindus\u0103<\/a><\/strong>.<\/p>\n\n\n\n<p>Cercet\u0103rile ne spun c\u0103 80 la sut\u0103 dintre hindu\u0219i, budi\u0219ti \u0219i musulmani nu cunosc niciun cre\u0219tin. Cu aproximativ 1,25 miliarde de hindu\u0219i \u00een \u00eentreaga lume, hinduismul este a treia religie ca m\u0103rime la nivel global - dintre care 1 miliard numai \u00een India!&nbsp;<\/p>\n\n\n<div class=\"wp-block-image\">\n<figure class=\"alignright size-full\"><img loading=\"lazy\" decoding=\"async\" width=\"313\" height=\"313\" src=\"https:\/\/www.gpn33.org\/wp-content\/uploads\/2025\/10\/image002.jpg\" alt=\"\" class=\"wp-image-624\" srcset=\"https:\/\/www.gpn33.org\/wp-content\/uploads\/2025\/10\/image002.jpg 313w, https:\/\/www.gpn33.org\/wp-content\/uploads\/2025\/10\/image002-150x150.jpg 150w, https:\/\/www.gpn33.org\/wp-content\/uploads\/2025\/10\/image002-12x12.jpg 12w\" sizes=\"auto, (max-width: 313px) 100vw, 313px\" \/><\/figure>\n<\/div>\n\n\n<p>\u00centruc\u00e2t Isus ne-a chemat s\u0103 facem ucenici din toate na\u021biunile, sarcina r\u0103mas\u0103 \u00een fa\u021ba noastr\u0103 este uria\u0219\u0103 \u0219i trebuie s\u0103 \u00eenceap\u0103 cu rug\u0103ciunea! Dac\u0103 defini\u021bia rug\u0103ciunii este intimitatea cu Dumnezeu - partea conversa\u021bional\u0103 a celei mai importante rela\u021bii de dragoste din via\u021ba noastr\u0103 - atunci destina\u021bia rug\u0103ciunii este \u00eemplinirea scopurilor Sale!&nbsp;<\/p>\n\n\n\n<p>Dumnezeu a ales s\u0103 \u00ce\u0219i \u00eendeplineasc\u0103 scopurile prin rug\u0103ciunile poporului S\u0103u. El a r\u00e2nduit rug\u0103ciunea ca fiind canalul prin care \u00ce\u0219i \u00eempline\u0219te voin\u021ba.<\/p>\n\n\n\n<p><strong>Una dintre cheile unei rug\u0103ciuni eficiente este rug\u0103ciunea pentru \u00eemplinirea Marii Comisii! <\/strong>&nbsp;<\/p>\n\n\n\n<p>Biblia acord\u0103 o mare importan\u021b\u0103 rolului rug\u0103ciunii \u00een Marea Trimitere. Termenul \"Marea Trimitere\" se refer\u0103 la ultima porunc\u0103 dat\u0103 de Isus ucenicilor S\u0103i (\u0219i, prin urmare, bisericii ca \u00eentreg) \u00een timp ce El se afla fizic pe p\u0103m\u00e2nt.   Dorim s\u0103 ne rug\u0103m ca fiecare persoan\u0103 \u0219i familie de pretutindeni s\u0103 aib\u0103 o \u00eent\u00e2lnire autentic\u0103 cu Domnul Isus Hristos prin puterea \u0219i prezen\u021ba Duhului Sf\u00e2nt!  Iar Isus a spus \u00een mod clar c\u0103 cel mai eficient mod de a face acest lucru - de a vedea Evanghelia \u00cemp\u0103r\u0103\u021biei proclamat\u0103 \u00een toat\u0103 lumea - este f\u0103c\u00e2nd ucenici din fiecare na\u021biune!&nbsp;<\/p>\n\n\n\n<p>Iisus le-a poruncit ucenicilor S\u0103i s\u0103 mearg\u0103 \u0219i s\u0103 fac\u0103 ucenici din toate neamurile de pe Muntele Arbel - Arbel este cel mai \u00eenalt munte din Galileea. Evanghelia dup\u0103 Matei ne spune c\u0103, dup\u0103 \u00eenvierea lui Iisus, El le-a dat instruc\u021biuni ucenicilor S\u0103i s\u0103 mearg\u0103 pe muntele din Galileea.<\/p>\n\n\n\n<p>\u00centr-o zi senin\u0103, st\u00e2nd pe v\u00e2rful Arbel, po\u021bi vedea la kilometri distan\u021b\u0103. Privind spre nord, pute\u021bi vedea v\u00e2rful Muntelui Hermon, cel mai mare munte din Israel, care se \u00eenal\u021b\u0103 deasupra grani\u021belor dintre Liban, Siria \u0219i Israel. La est, pute\u021bi vedea \u00cen\u0103l\u021bimile Golan, lan\u021bul negru, cu pietre de bazalt, care separ\u0103 Israelul de \u021b\u0103rile Siria \u0219i Iordania. Privind spre sud, pute\u021bi vedea terenurile agricole fertile din Valea Jezreel, care se \u00eentind ca o cuvertur\u0103 de patchwork pe podea p\u00e2n\u0103 c\u00e2nd ajunge la dealurile Samaria. Iar privind spre vest, se afl\u0103 c\u00e2mpia de coast\u0103 de l\u00e2ng\u0103 vechiul ora\u0219 Cezareea Maritim\u0103, vechiul ora\u0219-port construit de regele Irod, unde apostolul Pavel a pornit spre Roma, duc\u00e2nd cu el Evanghelia \u00een Occident.<\/p>\n\n\n\n<p><strong>Isus a avut o viziune - <\/strong>o viziune pentru o mi\u0219care global\u0103 de multiplicare.<\/p>\n\n\n\n<p><strong>El \u0219i-a chemat ucenicii nu doar s\u0103 \"fac\u0103 ucenici\", ci s\u0103 fac\u0103 ucenici care s\u0103 se \u00eenmul\u021beasc\u0103!<\/strong><\/p>\n\n\n\n<p><a href=\"https:\/\/youtu.be\/aKK9eAyr2H0\" target=\"_blank\" rel=\"noreferrer noopener\"><strong>Urm\u0103ri\u021bi acest videoclip! - Puterea multiplic\u0103rii<\/strong><\/a><\/p>\n\n\n\n<figure class=\"wp-block-embed is-type-video is-provider-youtube wp-block-embed-youtube wp-embed-aspect-16-9 wp-has-aspect-ratio\"><div class=\"wp-block-embed__wrapper\">\n<iframe loading=\"lazy\" title=\"Puterea multiplic\u0103rii\" width=\"500\" height=\"281\" src=\"https:\/\/www.youtube.com\/embed\/aKK9eAyr2H0?feature=oembed\" frameborder=\"0\" allow=\"accelerometer; autoplay; clipboard-write; encrypted-media; gyroscope; picture-in-picture; web-share\" referrerpolicy=\"strict-origin-when-cross-origin\" allowfullscreen><\/iframe>\n<\/div><\/figure>\n\n\n\n<p><strong>Matei 28:18-20<\/strong>\"Toat\u0103 autoritatea din cer \u0219i de pe p\u0103m\u00e2nt mi-a fost dat\u0103 mie. Deci, merge\u021bi \u0219i face\u021bi ucenici din toate neamurile, botez\u00e2ndu-i \u00een numele Tat\u0103lui \u0219i al Fiului \u0219i al Sf\u00e2ntului Duh, \u00eenv\u0103\u021b\u00e2ndu-i s\u0103 p\u0103zeasc\u0103 toate c\u00e2te v-am poruncit Eu. \u0218i iat\u0103, Eu sunt cu voi \u00een toate zilele, p\u00e2n\u0103 la sf\u00e2r\u0219itul veacului\"<\/p>\n\n\n\n<p>\u00cen acest pasaj, vedem mai \u00eent\u00e2i c\u0103 autoritatea \u00eei este dat\u0103 lui Isus, iar a doua parte la sf\u00e2r\u0219it - \"Eu sunt cu voi \u00een toate zilele p\u00e2n\u0103 la sf\u00e2r\u0219itul veacului\".<\/p>\n\n\n<div class=\"wp-block-image\">\n<figure class=\"alignright size-full\"><img loading=\"lazy\" decoding=\"async\" width=\"331\" height=\"331\" src=\"https:\/\/www.gpn33.org\/wp-content\/uploads\/2025\/10\/image004.jpg\" alt=\"\" class=\"wp-image-625\" srcset=\"https:\/\/www.gpn33.org\/wp-content\/uploads\/2025\/10\/image004.jpg 331w, https:\/\/www.gpn33.org\/wp-content\/uploads\/2025\/10\/image004-150x150.jpg 150w, https:\/\/www.gpn33.org\/wp-content\/uploads\/2025\/10\/image004-12x12.jpg 12w\" sizes=\"auto, (max-width: 331px) 100vw, 331px\" \/><\/figure>\n<\/div>\n\n\n<p>De multe ori ne concentr\u0103m pe mers, pe facerea ucenicilor, pe botez, pe \u00eenv\u0103\u021b\u0103tur\u0103 sau pe mecanismul de plantare a bisericilor - dar cuvintele lui Isus \u00eencep \u0219i se termin\u0103 cu El \u00eensu\u0219i - cu autoritatea \u0219i prezen\u021ba Sa!<\/p>\n\n\n\n<p>Isus este persoana central\u0103 \u0219i nucleul arz\u0103tor al marii \u00eens\u0103rcin\u0103ri - iar noi ne conect\u0103m cu El - cu autoritatea \u0219i prezen\u021ba Sa - prin rug\u0103ciune!<\/p>\n\n\n\n<p>Rug\u0103ciunea este principala modalitate prin care Dumnezeu ne-a \u00eenzestrat s\u0103 p\u0103str\u0103m lucrul principal - Isus \u00eensu\u0219i \u00een centru!  Isus are toat\u0103 autoritatea \u0219i El este cu noi - acesta este \u00eenceputul \u0219i sf\u00e2r\u0219itul Marii Comisii!<\/p>\n\n\n\n<p><strong>Care este defini\u021bia unui discipol?<\/strong><br>Cuv\u00e2ntul discipol \u00eenseamn\u0103 literalmente \"urma\u0219ul unui maestru\".  Pe vremea lui Hristos, un ucenic nu era doar cel care \u00eenv\u0103\u021ba de la un mare \u00eenv\u0103\u021b\u0103tor (rabin), ci era un ucenic sau un imitator.  Isus i-a chemat pe primii S\u0103i ucenici s\u0103-L urmeze \u0219i s\u0103 fac\u0103 lucrurile pe care le-a f\u0103cut El \u0219i s\u0103 spun\u0103 lucrurile pe care le-a spus El!<\/p>\n\n\n\n<p>O defini\u021bie simpl\u0103 a ucenicului ar fi acela care a venit la Isus pentru via\u021ba ve\u0219nic\u0103, L-a revendicat ca M\u00e2ntuitor \u0219i Dumnezeu \u0219i a pornit \u00eentr-o via\u021b\u0103 \u00een care \u00cel urmeaz\u0103.<\/p>\n\n\n\n<p>Un ucenic este cel care \u00cel iube\u0219te pe Dumnezeu, iube\u0219te oamenii \u0219i face ucenici care se \u00eenmul\u021besc!&nbsp;<\/p>\n\n\n\n<h2 class=\"wp-block-heading\">Cele 3 semne ale unui discipol:<\/h2>\n\n\n\n<p>Vrem s\u0103 fim ucenici \u0219i s\u0103 facem ucenici care merit\u0103 reprodu\u0219i, iar potrivit lui Isus, semnele unui ucenic sunt de trei feluri:<\/p>\n\n\n\n<h3 class=\"wp-block-heading\">1. R\u0103m\u00e2ne \u00een Cuv\u00e2ntul lui Dumnezeu, Ioan 8:31-32<\/h3>\n\n\n\n<p>\"Dac\u0103 r\u0103m\u00e2ne\u021bi \u00een cuv\u00e2ntul Meu, sunte\u021bi cu adev\u0103rat ucenicii Mei \u0219i ve\u021bi cunoa\u0219te adev\u0103rul, iar adev\u0103rul v\u0103 va face liberi.\"<\/p>\n\n\n\n<p>Rug\u0103ciunea este chiar s\u00e2ngele vie\u021bii unui ucenic al lui Isus!  Isus a spus clar c\u0103 ascultarea lui - r\u0103m\u00e2nerea \u00een cuv\u00e2ntul s\u0103u - este cel mai important aspect al rug\u0103ciunii. Cuv\u00e2ntul a r\u0103m\u00e2ne implic\u0103 <strong><em>r\u0103mase<\/em><\/strong> \u00een p\u0103rt\u0103\u0219ie \u0219i rela\u021bie constant\u0103.&nbsp;<br><br>Rug\u0103ciunea este partea conversa\u021bional\u0103 a celei mai importante rela\u021bii de dragoste din via\u021ba noastr\u0103!&nbsp;<\/p>\n\n\n\n<h3 class=\"wp-block-heading\">2. Iube\u0219te a\u0219a cum iube\u0219te Isus, Ioan 13:34-35<\/h3>\n\n\n\n<p>\"V\u0103 dau o porunc\u0103 nou\u0103: s\u0103 v\u0103 iubi\u021bi unii pe al\u021bii: dup\u0103 cum Eu v-am iubit, \u0219i voi s\u0103 v\u0103 iubi\u021bi unii pe al\u021bii. \u00centru aceasta vor cunoa\u0219te to\u021bi c\u0103 sunte\u021bi ucenicii Mei, dac\u0103 v\u0103 ve\u021bi iubi unii pe al\u021bii.\"<\/p>\n\n\n\n<p>Unul dintre primele \u0219i cele mai importante moduri \u00een care iubim a\u0219a cum iube\u0219te Iisus este s\u0103 ne rug\u0103m unii pentru al\u021bii!  \u00cei cerem lui Dumnezeu s\u0103 fac\u0103 pentru ei ceea ce ei nu pot face pentru ei \u00een\u0219i\u0219i!<\/p>\n\n\n\n<h3 class=\"wp-block-heading\">3. D\u0103 roade, Ioan 15:7-8<\/h3>\n\n\n\n<p>\"Dac\u0103 r\u0103m\u00e2ne\u021bi \u00een Mine \u0219i cuvintele Mele r\u0103m\u00e2n \u00een voi, cere\u021bi orice dori\u021bi \u0219i vi se va face.  Prin aceasta, Tat\u0103l meu este sl\u0103vit, pentru c\u0103 aduce\u021bi mult\u0103 road\u0103 \u0219i v\u0103 dovedi\u021bi astfel c\u0103 sunte\u021bi ucenicii mei\"<\/p>\n\n\n\n<p>Potrivit lui Isus, noi aducem roade prin st\u0103ruin\u021ba \u0219i cererea \u00een rug\u0103ciune. Prin aceasta, Tat\u0103l este glorificat, iar noi dovedim c\u0103 suntem ucenicii s\u0103i. &nbsp;<\/p>\n\n\n\n<p>Una dintre cheile \u00eemplinirii Marii Trimiteri este rug\u0103ciunea c\u0103tre Domnul Recoltei pentru trimiterea de lucr\u0103tori!<\/p>\n\n\n\n<p>El le-a spus: \"Seceri\u0219ul cu adev\u0103rat <em>este<\/em> mare, dar muncitorii <em>sunt<\/em> pu\u021bini; de aceea ruga\u021bi pe Domnul seceri\u0219ului s\u0103 trimit\u0103 lucr\u0103tori la seceri\u0219ul S\u0103u\" (Luca 10:2).<\/p>\n\n\n\n<p>Cuv\u00e2ntul pentru rug\u0103ciune folosit \u00een acest context este <em>deomai<\/em>, ceea ce \u00eenseamn\u0103 rug\u0103ciune disperat\u0103!   Isus a spus c\u0103 recolta este abundent\u0103, dar lucr\u0103torii sunt pu\u021bini - De aceea, ruga\u021bi-v\u0103 - ruga\u021bi-v\u0103 cu fervoare, ruga\u021bi-v\u0103 cu disperare!<\/p>\n\n\n\n<p>\u00cen timp ce lucr\u0103torii merg s\u0103 proclame Evanghelia \u00cemp\u0103r\u0103\u021biei, deseori \u00eent\u00e2mpin\u0103 rezisten\u021b\u0103.  Diavolul a stabilit fort\u0103re\u021be spirituale peste popoare, ora\u0219e \u0219i na\u021biuni. Pavel ne spune c\u0103 ni s-au dat arme de lupt\u0103 pentru a d\u0103r\u00e2ma bastioanele \u0219i a vedea descoperiri. (2 Cor. 10:4-5).<\/p>\n\n\n\n<h2 class=\"wp-block-heading\">Puterea \u00een rug\u0103ciunea Cuv\u00e2ntului<\/h2>\n\n\n\n<p>Una dintre cele mai puternice arme este Cuv\u00e2ntul lui Dumnezeu, Sabia Duhului. Pavel ne porunce\u0219te \u00een Efeseni 6 s\u0103 st\u0103m tari, \u00eembr\u0103c\u00e2ndu-ne armura prin credin\u021b\u0103 \u0219i apoi s\u0103 m\u00e2nuim Cuv\u00e2ntul S\u0103u prin rug\u0103ciune, rug\u00e2ndu-ne \u00een orice moment, pentru toate popoarele, cu toate tipurile de rug\u0103ciune (Efes. 6:10-19).&nbsp;<\/p>\n\n\n\n<p>Mai \u00eent\u00e2i ne rug\u0103m \u0219i declar\u0103m suprema\u021bia lui Isus asupra popoarelor \u0219i regiunilor. &nbsp;<\/p>\n\n\n\n<p>Prin rug\u0103ciune, \u00eei cerem Tat\u0103lui s\u0103 lege \u0219i s\u0103 st\u0103p\u00e2neasc\u0103 du\u0219manul, principatele \u0219i puterile care au orbit min\u021bile necredincio\u0219ilor.<\/p>\n\n\n\n<p><strong>Ne rug\u0103m pentru u\u0219i deschise, ceruri deschise, autostr\u0103zi deschise \u0219i coridoare deschise pentru ca Evanghelia s\u0103 mearg\u0103 mai departe!<\/strong><\/p>\n\n\n\n<p>\u00cei cerem Domnului s\u0103 \u00eenl\u0103ture orbirea pe care dumnezeul acestui veac a pus-o peste necredincio\u0219i, pentru ca ei s\u0103 poat\u0103 vedea lumina Evangheliei \u00een chipul lui Isus!&nbsp;<\/p>\n\n\n\n<p>\u00cei cerem Tat\u0103lui s\u0103 ne izb\u0103veasc\u0103 de cel r\u0103u, la fel cum Isus a venit s\u0103 distrug\u0103 lucr\u0103rile diavolului<strong>.<\/strong> Pe m\u0103sur\u0103 ce aducem \u00eenchinarea \u0219i lauda noastr\u0103 Celui care \u0219ade pe tron \u0219i Mielului, prezen\u021ba \u0219i lumina Sa \u00een mijlocul nostru spulber\u0103 \u00eentunericul spiritual, iar puterea lui Dumnezeu izb\u0103ve\u0219te familii din orice credin\u021b\u0103 de pe p\u0103m\u00e2nt pentru a deveni urma\u0219i cu toat\u0103 inima ai lui Isus Hristos!<\/p>\n\n\n\n<figure class=\"wp-block-image size-full\"><img loading=\"lazy\" decoding=\"async\" width=\"1080\" height=\"720\" src=\"https:\/\/www.gpn33.org\/wp-content\/uploads\/2025\/10\/Discipleship-and-Prayer-2.jpg\" alt=\"\" class=\"wp-image-622\" srcset=\"https:\/\/www.gpn33.org\/wp-content\/uploads\/2025\/10\/Discipleship-and-Prayer-2.jpg 1080w, https:\/\/www.gpn33.org\/wp-content\/uploads\/2025\/10\/Discipleship-and-Prayer-2-350x233.jpg 350w, https:\/\/www.gpn33.org\/wp-content\/uploads\/2025\/10\/Discipleship-and-Prayer-2-768x512.jpg 768w, https:\/\/www.gpn33.org\/wp-content\/uploads\/2025\/10\/Discipleship-and-Prayer-2-18x12.jpg 18w\" sizes=\"auto, (max-width: 1080px) 100vw, 1080px\" \/><\/figure>\n\n\n\n<p>Am v\u0103zut o mare cre\u0219tere a \u00eenchin\u0103rii \u0219i a rug\u0103ciunii de mijlocire lansate \u00een anii '90 p\u00e2n\u0103 \u00een prezent!<\/p>\n\n\n\n<p>Mi\u0219carea global\u0103 de rug\u0103ciune a cunoscut o accelerare remarcabil\u0103 - coreenii au luptat \u00een rug\u0103ciunea de diminea\u021b\u0103 timp de decenii, mar\u0219urile pentru Isus au avut loc pe str\u0103zile din \u00eentreaga lume, Ziua global\u0103 de rug\u0103ciune a umplut stadioane, oamenii au mers \u00een rug\u0103ciune \u0219i s-au rugat pentru descoperiri \u00een ora\u0219ele din \u00eentreaga lume, mi\u0219carea turnurilor de rug\u0103ciune din Indonezia, pasiunea \u0219i focul \u00eent\u00e2lnirilor de rug\u0103ciune din America Latin\u0103 \u0219i de Sud, priveghiurile de rug\u0103ciune de toat\u0103 noaptea cu post pe continentul african, mi\u0219carea de rug\u0103ciune \u00een toat\u0103 China \u0219i momentele de rug\u0103ciune corporativ\u0103 conduse de Duhul Sf\u00e2nt \u00een India, \u00eempreun\u0103 cu expresia proasp\u0103t\u0103 a caselor de rug\u0103ciune \u0219i \u00eenchinare care explodeaz\u0103 \u00een na\u021biuni, iar ast\u0103zi peste o sut\u0103 de milioane de credincio\u0219i \u00een rug\u0103ciune unit\u0103 \u00een patru zile globale de rug\u0103ciune \u00een fiecare an \u00eencep\u00e2nd din 2022!&nbsp;<\/p>\n\n\n\n<p>\u0218i \u00een acest timp, au existat rezultate uimitoare \u00een mi\u0219c\u0103rile misionare din \u00eentreaga lume -<\/p>\n\n\n\n<p>Potrivit cercet\u0103torilor de top din domeniul misiunilor, ucenicii \u0219i bisericile din aceste mi\u0219c\u0103ri au crescut exponen\u021bial, cu o rat\u0103 uimitoare de 23% anual, mult mai rapid dec\u00e2t popula\u021bia global\u0103. Num\u0103rul total de ucenici din aceste mi\u0219c\u0103ri s-a dublat la fiecare 3,5 ani - o m\u0103rturie a puterii \u00eenmul\u021birii divine prin rug\u0103ciune.<\/p>\n\n\n<div class=\"wp-block-image\">\n<figure class=\"alignright size-full\"><img loading=\"lazy\" decoding=\"async\" width=\"231\" height=\"346\" src=\"https:\/\/www.gpn33.org\/wp-content\/uploads\/2025\/10\/image007.jpg\" alt=\"\" class=\"wp-image-626\" srcset=\"https:\/\/www.gpn33.org\/wp-content\/uploads\/2025\/10\/image007.jpg 231w, https:\/\/www.gpn33.org\/wp-content\/uploads\/2025\/10\/image007-8x12.jpg 8w\" sizes=\"auto, (max-width: 231px) 100vw, 231px\" \/><\/figure>\n<\/div>\n\n\n<h3 class=\"wp-block-heading\">Aceast\u0103 cre\u0219tere global\u0103 a avut loc \u00een patru etape distincte:<\/h3>\n\n\n\n<ul class=\"wp-block-list\">\n<li>Din 1995 p\u00e2n\u0103 \u00een 2000 - de la 10.000 la peste 100.000 de discipoli<\/li>\n\n\n\n<li>Din 2000 p\u00e2n\u0103 \u00een 2005 - de la 100.000 la peste 1 milion de discipoli<\/li>\n\n\n\n<li>Din 2005 p\u00e2n\u0103 \u00een 2015 - de la 1 milion la peste 10 milioane<\/li>\n\n\n\n<li>Din 2015 p\u00e2n\u0103 \u00een 2024 - num\u0103rul a dep\u0103\u0219it 100 de milioane<\/li>\n<\/ul>\n\n\n\n<p>Pe m\u0103sur\u0103 ce rug\u0103ciunea de \u00een\u0103l\u021bare a lui Hristos, bazat\u0103 pe Biblie, hr\u0103nit\u0103 cu \u00eenchinare, condus\u0103 de Duhul Sf\u00e2nt \u0219i motivat\u0103 de dragoste cre\u0219te \u00een na\u021biuni, se fac mai mul\u021bi ucenici, se planteaz\u0103 mai multe biserici, se traduc mai multe Biblii, se arat\u0103 mai multe semne, minuni \u0219i miracole \u0219i se face mai mult\u0103 dreptate s\u0103racilor, marginaliza\u021bilor, orfanilor \u0219i v\u0103duvelor!<\/p>\n\n\n\n<p>Deci, pe <strong><a href=\"https:\/\/www.gpn33.org\/ro\/day-of-prayer-for-hindu-world\/\">Ziua mondial\u0103 de rug\u0103ciune pentru lumea hindus\u0103<\/a><\/strong>Haide\u021bi s\u0103 ne \u00een\u0103l\u021b\u0103m rug\u0103ciunile ca t\u0103m\u00e2ia \u00eenaintea lui Dumnezeu, care poate face incomensurabil mai mult dec\u00e2t tot ceea ce cerem sau ne imagin\u0103m vreodat\u0103, pentru gloria Sa, pentru bucuria noastr\u0103 \u0219i pentru ca mul\u021bimile s\u0103 ajung\u0103 la cunoa\u0219terea m\u00e2ntuitoare a lui Isus \u00een \u00eentreaga lume hindus\u0103!\u00a0<\/p>\n\n\n\n<p><strong>Dr. Jason Hubbard - Director<br><\/strong><a href=\"https:\/\/www.linktr.ee\/ipcprayer\" target=\"_blank\" rel=\"noreferrer noopener\"><strong>Re\u021beaua interna\u021bional\u0103 de rug\u0103ciune<\/strong><\/a><\/p>","protected":false},"excerpt":{"rendered":"<p>Monday 20th October 2025 will mark our 3rd annual Global Day of Prayer for the Hindu World. Research tells us that 80 percent of Hindus,...<\/p>","protected":false},"author":1,"featured_media":0,"parent":0,"menu_order":0,"comment_status":"closed","ping_status":"closed","template":"","meta":{"footnotes":""},"class_list":["post-617","page","type-page","status-publish","hentry"],"_links":{"self":[{"href":"https:\/\/www.gpn33.org\/ro\/wp-json\/wp\/v2\/pages\/617","targetHints":{"allow":["GET"]}}],"collection":[{"href":"https:\/\/www.gpn33.org\/ro\/wp-json\/wp\/v2\/pages"}],"about":[{"href":"https:\/\/www.gpn33.org\/ro\/wp-json\/wp\/v2\/types\/page"}],"author":[{"embeddable":true,"href":"https:\/\/www.gpn33.org\/ro\/wp-json\/wp\/v2\/users\/1"}],"replies":[{"embeddable":true,"href":"https:\/\/www.gpn33.org\/ro\/wp-json\/wp\/v2\/comments?post=617"}],"version-history":[{"count":7,"href":"https:\/\/www.gpn33.org\/ro\/wp-json\/wp\/v2\/pages\/617\/revisions"}],"predecessor-version":[{"id":639,"href":"https:\/\/www.gpn33.org\/ro\/wp-json\/wp\/v2\/pages\/617\/revisions\/639"}],"wp:attachment":[{"href":"https:\/\/www.gpn33.org\/ro\/wp-json\/wp\/v2\/media?parent=617"}],"curies":[{"name":"wp","href":"https:\/\/api.w.org\/{rel}","templated":true}]}}